{"id":16649,"date":"2023-09-04T14:46:38","date_gmt":"2023-09-04T13:46:38","guid":{"rendered":"https:\/\/www.jeroportugal.pt\/?post_type=product&#038;p=16649"},"modified":"2024-10-14T13:03:22","modified_gmt":"2024-10-14T12:03:22","slug":"carving-fork-17-5cm","status":"publish","type":"product","link":"https:\/\/www.jeroportugal.pt\/pt\/product\/carving-fork-17-5cm\/","title":{"rendered":"Garfo para Trinchar 17.5cm"},"content":{"rendered":"","protected":false},"excerpt":{"rendered":"<p>O garfo para trinchar \u00e9 feito a partir de a\u00e7o inoxid\u00e1vel de alto teor de carbono.<\/p>\n<p>Os cabos em Polipropileno (PP) s\u00e3o at\u00f3xicos, higi\u00e9nicos e resistentes \u00e0 lavagem na m\u00e1quina.<\/p>","protected":false},"featured_media":16655,"template":"","meta":{"_acf_changed":false,"_et_pb_use_builder":"","_et_pb_old_content":"","_et_gb_content_width":""},"product_brand":[],"product_cat":[643,463],"product_tag":[654,680,658,807,678,690,682,681,655,679],"class_list":{"0":"post-16649","1":"product","2":"type-product","3":"status-publish","4":"has-post-thumbnail","6":"product_cat-cooks-knives","7":"product_cat-home-p1","8":"product_tag-black","9":"product_tag-blue","10":"product_tag-carving-fork","11":"product_tag-cooks-knive","12":"product_tag-economic","13":"product_tag-green","14":"product_tag-pp","15":"product_tag-red","16":"product_tag-white","17":"product_tag-yellow","18":"pa_available-options-black","19":"pa_available-options-blue","20":"pa_available-options-green","21":"pa_available-options-red","22":"pa_available-options-yellow","24":"first","25":"instock","26":"shipping-taxable","27":"purchasable","28":"product-type-variable","29":"has-default-attributes"},"acf":[],"_links":{"self":[{"href":"https:\/\/www.jeroportugal.pt\/pt\/wp-json\/wp\/v2\/product\/16649","targetHints":{"allow":["GET"]}}],"collection":[{"href":"https:\/\/www.jeroportugal.pt\/pt\/wp-json\/wp\/v2\/product"}],"about":[{"href":"https:\/\/www.jeroportugal.pt\/pt\/wp-json\/wp\/v2\/types\/product"}],"wp:featuredmedia":[{"embeddable":true,"href":"https:\/\/www.jeroportugal.pt\/pt\/wp-json\/wp\/v2\/media\/16655"}],"wp:attachment":[{"href":"https:\/\/www.jeroportugal.pt\/pt\/wp-json\/wp\/v2\/media?parent=16649"}],"wp:term":[{"taxonomy":"product_brand","embeddable":true,"href":"https:\/\/www.jeroportugal.pt\/pt\/wp-json\/wp\/v2\/product_brand?post=16649"},{"taxonomy":"product_cat","embeddable":true,"href":"https:\/\/www.jeroportugal.pt\/pt\/wp-json\/wp\/v2\/product_cat?post=16649"},{"taxonomy":"product_tag","embeddable":true,"href":"https:\/\/www.jeroportugal.pt\/pt\/wp-json\/wp\/v2\/product_tag?post=16649"}],"curies":[{"name":"wp","href":"https:\/\/api.w.org\/{rel}","templated":true}]}}