{"id":16495,"date":"2022-07-01T13:45:52","date_gmt":"2022-07-01T12:45:52","guid":{"rendered":"https:\/\/www.jeroportugal.pt\/?post_type=product&#038;p=16495"},"modified":"2024-10-14T13:03:22","modified_gmt":"2024-10-14T12:03:22","slug":"skinning-knife-21cm","status":"publish","type":"product","link":"https:\/\/www.jeroportugal.pt\/pt\/product\/skinning-knife-21cm\/","title":{"rendered":"Faca de Esfolar 21cm"},"content":{"rendered":"","protected":false},"excerpt":{"rendered":"<p>L\u00e2minas em a\u00e7o inoxid\u00e1vel com alto teor de carbono.<\/p>\n<p>Cabos em Polipropileno (PP) apto para o contacto com os alimentos e resistentes \u00e0 lavagem na m\u00e1quina.<\/p>","protected":false},"featured_media":16489,"template":"","meta":{"_acf_changed":false,"_et_pb_use_builder":"","_et_pb_old_content":"","_et_gb_content_width":""},"product_brand":[],"product_cat":[585,675],"product_tag":[654,680,695,682,677,681,683,679],"class_list":{"0":"post-16495","1":"product","2":"type-product","3":"status-publish","4":"has-post-thumbnail","6":"product_cat-p","7":"product_cat-professional-knives","8":"product_tag-black","9":"product_tag-blue","10":"product_tag-ergonomic","11":"product_tag-pp","12":"product_tag-professional-knives","13":"product_tag-red","14":"product_tag-skinning","15":"product_tag-yellow","16":"pa_available-options-black","17":"pa_available-options-blue","18":"pa_available-options-red","19":"pa_available-options-yellow","21":"first","22":"instock","23":"shipping-taxable","24":"purchasable","25":"product-type-variable"},"acf":[],"_links":{"self":[{"href":"https:\/\/www.jeroportugal.pt\/pt\/wp-json\/wp\/v2\/product\/16495","targetHints":{"allow":["GET"]}}],"collection":[{"href":"https:\/\/www.jeroportugal.pt\/pt\/wp-json\/wp\/v2\/product"}],"about":[{"href":"https:\/\/www.jeroportugal.pt\/pt\/wp-json\/wp\/v2\/types\/product"}],"wp:featuredmedia":[{"embeddable":true,"href":"https:\/\/www.jeroportugal.pt\/pt\/wp-json\/wp\/v2\/media\/16489"}],"wp:attachment":[{"href":"https:\/\/www.jeroportugal.pt\/pt\/wp-json\/wp\/v2\/media?parent=16495"}],"wp:term":[{"taxonomy":"product_brand","embeddable":true,"href":"https:\/\/www.jeroportugal.pt\/pt\/wp-json\/wp\/v2\/product_brand?post=16495"},{"taxonomy":"product_cat","embeddable":true,"href":"https:\/\/www.jeroportugal.pt\/pt\/wp-json\/wp\/v2\/product_cat?post=16495"},{"taxonomy":"product_tag","embeddable":true,"href":"https:\/\/www.jeroportugal.pt\/pt\/wp-json\/wp\/v2\/product_tag?post=16495"}],"curies":[{"name":"wp","href":"https:\/\/api.w.org\/{rel}","templated":true}]}}