{"id":16063,"date":"2022-07-14T16:46:31","date_gmt":"2022-07-14T15:46:31","guid":{"rendered":"https:\/\/www.jeroportugal.pt\/?post_type=product&#038;p=16063"},"modified":"2024-10-14T13:03:22","modified_gmt":"2024-10-14T12:03:22","slug":"sharpening-steel-25cm","status":"publish","type":"product","link":"https:\/\/www.jeroportugal.pt\/pt\/product\/sharpening-steel-25cm\/","title":{"rendered":"Fuzil 25cm"},"content":{"rendered":"","protected":false},"excerpt":{"rendered":"<p>O fuzil \u00e9 feito a partir de a\u00e7o inoxid\u00e1vel de alto teor de carbono.<\/p>\n<p>A superf\u00edcie do fuso est\u00e1 coberta com uma camada de cromo duro o que permite obter uma excelente dureza.<\/p>\n<p>Cabos em Polipropileno (PP) apto para o contacto com os alimentos e resistentes \u00e0 lavagem na m\u00e1quina.<\/p>","protected":false},"featured_media":16518,"template":"","meta":{"_acf_changed":false,"_et_pb_use_builder":"","_et_pb_old_content":"","_et_gb_content_width":""},"product_brand":[],"product_cat":[585,675],"product_tag":[654,680,690,682,677,681,713,660,655,679],"class_list":{"0":"post-16063","1":"product","2":"type-product","3":"status-publish","4":"has-post-thumbnail","6":"product_cat-p","7":"product_cat-professional-knives","8":"product_tag-black","9":"product_tag-blue","10":"product_tag-green","11":"product_tag-pp","12":"product_tag-professional-knives","13":"product_tag-red","14":"product_tag-round","15":"product_tag-sharpening-steel","16":"product_tag-white","17":"product_tag-yellow","18":"pa_available-options-black","19":"pa_available-options-blue","20":"pa_available-options-green","21":"pa_available-options-red","22":"pa_available-options-white","23":"pa_available-options-yellow","25":"first","26":"instock","27":"shipping-taxable","28":"purchasable","29":"product-type-variable"},"acf":[],"_links":{"self":[{"href":"https:\/\/www.jeroportugal.pt\/pt\/wp-json\/wp\/v2\/product\/16063","targetHints":{"allow":["GET"]}}],"collection":[{"href":"https:\/\/www.jeroportugal.pt\/pt\/wp-json\/wp\/v2\/product"}],"about":[{"href":"https:\/\/www.jeroportugal.pt\/pt\/wp-json\/wp\/v2\/types\/product"}],"wp:featuredmedia":[{"embeddable":true,"href":"https:\/\/www.jeroportugal.pt\/pt\/wp-json\/wp\/v2\/media\/16518"}],"wp:attachment":[{"href":"https:\/\/www.jeroportugal.pt\/pt\/wp-json\/wp\/v2\/media?parent=16063"}],"wp:term":[{"taxonomy":"product_brand","embeddable":true,"href":"https:\/\/www.jeroportugal.pt\/pt\/wp-json\/wp\/v2\/product_brand?post=16063"},{"taxonomy":"product_cat","embeddable":true,"href":"https:\/\/www.jeroportugal.pt\/pt\/wp-json\/wp\/v2\/product_cat?post=16063"},{"taxonomy":"product_tag","embeddable":true,"href":"https:\/\/www.jeroportugal.pt\/pt\/wp-json\/wp\/v2\/product_tag?post=16063"}],"curies":[{"name":"wp","href":"https:\/\/api.w.org\/{rel}","templated":true}]}}