{"id":16052,"date":"2021-07-02T11:02:21","date_gmt":"2021-07-02T10:02:21","guid":{"rendered":"https:\/\/www.jeroportugal.pt\/?post_type=product&#038;p=16052"},"modified":"2024-10-14T13:03:23","modified_gmt":"2024-10-14T12:03:23","slug":"kitchen-knife-18cm","status":"publish","type":"product","link":"https:\/\/www.jeroportugal.pt\/pt\/product\/kitchen-knife-18cm\/","title":{"rendered":"Faca de Cozinha 18cm"},"content":{"rendered":"","protected":false},"excerpt":{"rendered":"<p>Cutelaria especial de alta qualidade.<\/p>\n<p>L\u00e2mina em a\u00e7o inoxid\u00e1vel e cabos dispon\u00edveis em madeira ex\u00f3tica ou em Poliacetal(POM).<\/p>\n<p>A linha Classic distingue-se com as suas pe\u00e7as em <i>full tang<\/i> e anilha em lat\u00e3o que conferem um elevado n\u00edvel de resist\u00eancia, seguran\u00e7a e beleza.<\/p>","protected":false},"featured_media":16054,"template":"","meta":{"_acf_changed":false,"_et_pb_use_builder":"","_et_pb_old_content":"","_et_gb_content_width":""},"product_brand":[],"product_cat":[736,643],"product_tag":[654,738,645,647,691,731,652,650,681],"class_list":{"0":"post-16052","1":"product","2":"type-product","3":"status-publish","4":"has-post-thumbnail","6":"product_cat-classic","7":"product_cat-cooks-knives","8":"product_tag-black","9":"product_tag-bubinga","10":"product_tag-cooks-knives","11":"product_tag-full-tang","12":"product_tag-kitchen-knife","13":"product_tag-luxe","14":"product_tag-pom","15":"product_tag-pressed-wood","16":"product_tag-red","17":"pa_available-options-black-pom","18":"pa_available-options-bubinga","19":"pa_available-options-red-pressed-wood","21":"first","22":"instock","23":"shipping-taxable","24":"purchasable","25":"product-type-variable"},"acf":[],"_links":{"self":[{"href":"https:\/\/www.jeroportugal.pt\/pt\/wp-json\/wp\/v2\/product\/16052","targetHints":{"allow":["GET"]}}],"collection":[{"href":"https:\/\/www.jeroportugal.pt\/pt\/wp-json\/wp\/v2\/product"}],"about":[{"href":"https:\/\/www.jeroportugal.pt\/pt\/wp-json\/wp\/v2\/types\/product"}],"wp:featuredmedia":[{"embeddable":true,"href":"https:\/\/www.jeroportugal.pt\/pt\/wp-json\/wp\/v2\/media\/16054"}],"wp:attachment":[{"href":"https:\/\/www.jeroportugal.pt\/pt\/wp-json\/wp\/v2\/media?parent=16052"}],"wp:term":[{"taxonomy":"product_brand","embeddable":true,"href":"https:\/\/www.jeroportugal.pt\/pt\/wp-json\/wp\/v2\/product_brand?post=16052"},{"taxonomy":"product_cat","embeddable":true,"href":"https:\/\/www.jeroportugal.pt\/pt\/wp-json\/wp\/v2\/product_cat?post=16052"},{"taxonomy":"product_tag","embeddable":true,"href":"https:\/\/www.jeroportugal.pt\/pt\/wp-json\/wp\/v2\/product_tag?post=16052"}],"curies":[{"name":"wp","href":"https:\/\/api.w.org\/{rel}","templated":true}]}}