{"id":15350,"date":"2021-02-01T17:46:43","date_gmt":"2021-02-01T17:46:43","guid":{"rendered":"https:\/\/www.jeroportugal.pt\/?post_type=product&#038;p=15350"},"modified":"2024-10-14T13:03:09","modified_gmt":"2024-10-14T12:03:09","slug":"bbq-set-3pcs","status":"publish","type":"product","link":"https:\/\/www.jeroportugal.pt\/pt\/product\/bbq-set-3pcs\/","title":{"rendered":"Conjunto para Barbecue, 3 pcs"},"content":{"rendered":"","protected":false},"excerpt":{"rendered":"<p>Este conjunto para barbecue \u00e9 composto por uma pin\u00e7a, um garfo e uma esp\u00e1tula.<\/p>\n<p>3000.7901MP.0020 \u2013 Pin\u00e7a para Barbecue, 40 cm<\/p>\n<p>3000.7902MP.0020 \u2013 Garfo para Barbecue, 40 cm<\/p>\n<p>3000.7903MP.0020 \u2013 Esp\u00e1tula para Barbecue, 40 cm<\/p>","protected":false},"featured_media":15351,"template":"","meta":{"_acf_changed":false,"_et_pb_use_builder":"","_et_pb_old_content":"","_et_gb_content_width":""},"product_brand":[],"product_cat":[767],"product_tag":[778,769,770,777,650,653,768],"class_list":{"0":"post-15350","1":"product","2":"type-product","3":"status-publish","4":"has-post-thumbnail","6":"product_cat-knife-blocks-and-sets","7":"product_tag-barbecue","8":"product_tag-box","9":"product_tag-knife-blocks-and-sets","10":"product_tag-outdoor-knives","11":"product_tag-pressed-wood","12":"product_tag-red-black","13":"product_tag-set","14":"pa_available-options-red-black-pressed-wood","16":"first","17":"instock","18":"shipping-taxable","19":"purchasable","20":"product-type-simple"},"acf":[],"_links":{"self":[{"href":"https:\/\/www.jeroportugal.pt\/pt\/wp-json\/wp\/v2\/product\/15350","targetHints":{"allow":["GET"]}}],"collection":[{"href":"https:\/\/www.jeroportugal.pt\/pt\/wp-json\/wp\/v2\/product"}],"about":[{"href":"https:\/\/www.jeroportugal.pt\/pt\/wp-json\/wp\/v2\/types\/product"}],"wp:featuredmedia":[{"embeddable":true,"href":"https:\/\/www.jeroportugal.pt\/pt\/wp-json\/wp\/v2\/media\/15351"}],"wp:attachment":[{"href":"https:\/\/www.jeroportugal.pt\/pt\/wp-json\/wp\/v2\/media?parent=15350"}],"wp:term":[{"taxonomy":"product_brand","embeddable":true,"href":"https:\/\/www.jeroportugal.pt\/pt\/wp-json\/wp\/v2\/product_brand?post=15350"},{"taxonomy":"product_cat","embeddable":true,"href":"https:\/\/www.jeroportugal.pt\/pt\/wp-json\/wp\/v2\/product_cat?post=15350"},{"taxonomy":"product_tag","embeddable":true,"href":"https:\/\/www.jeroportugal.pt\/pt\/wp-json\/wp\/v2\/product_tag?post=15350"}],"curies":[{"name":"wp","href":"https:\/\/api.w.org\/{rel}","templated":true}]}}