{"id":15193,"date":"2021-01-29T14:11:00","date_gmt":"2021-01-29T14:11:00","guid":{"rendered":"http:\/\/www.jeroportugal.pt.meulink.net\/product\/import-placeholder-for-7180\/"},"modified":"2024-10-14T13:03:09","modified_gmt":"2024-10-14T12:03:09","slug":"coimbra-dessert-spoon-7-5cm","status":"publish","type":"product","link":"https:\/\/www.jeroportugal.pt\/pt\/product\/coimbra-dessert-spoon-7-5cm\/","title":{"rendered":"Colher para Sobremesa 7.5cm"},"content":{"rendered":"","protected":false},"excerpt":{"rendered":"<p>Esta linha \u00e9 a simbiose perfeita entre a beleza est\u00e9tica e a funcionalidade. O a\u00e7o utilizado nesta pe\u00e7a \u00e9 inoxid\u00e1vel e acompanha todo o formato do cabo, o chamado <i>full tang<\/i>.<\/p>\n<p>Os cabos que combinam com esta linha elegante na perfei\u00e7\u00e3o s\u00e3o em: branco do Betacryl, preto do POM, vermelho ou vermelho\/preto da madeira prensada. Ambos os materiais que propomos s\u00e3o resistentes \u00e0s lavagens.<\/p>\n<p>A gama Coimbra foi desenvolvida para a Jero por um dos designers de renome em Portugal - Daniel Gameiro.<\/p>","protected":false},"featured_media":6092,"template":"","meta":{"_acf_changed":false,"_et_pb_use_builder":"","_et_pb_old_content":"","_et_gb_content_width":""},"product_brand":[],"product_cat":[514,643],"product_tag":[654,645,648,673,647,646,731,651,652,650,653,655],"class_list":{"0":"post-15193","1":"product","2":"type-product","3":"status-publish","4":"has-post-thumbnail","6":"product_cat-coimbra","7":"product_cat-cooks-knives","8":"product_tag-black","9":"product_tag-cooks-knives","10":"product_tag-design","11":"product_tag-dessert-spoon","12":"product_tag-full-tang","13":"product_tag-household","14":"product_tag-luxe","15":"product_tag-pms","16":"product_tag-pom","17":"product_tag-pressed-wood","18":"product_tag-red-black","19":"product_tag-white","20":"pa_available-options-black-pom","21":"pa_available-options-red-pressed-wood","22":"pa_available-options-red-black-pressed-wood","23":"pa_available-options-white-betacryl","25":"first","26":"instock","27":"shipping-taxable","28":"purchasable","29":"product-type-variable","30":"has-default-attributes"},"acf":[],"_links":{"self":[{"href":"https:\/\/www.jeroportugal.pt\/pt\/wp-json\/wp\/v2\/product\/15193","targetHints":{"allow":["GET"]}}],"collection":[{"href":"https:\/\/www.jeroportugal.pt\/pt\/wp-json\/wp\/v2\/product"}],"about":[{"href":"https:\/\/www.jeroportugal.pt\/pt\/wp-json\/wp\/v2\/types\/product"}],"wp:featuredmedia":[{"embeddable":true,"href":"https:\/\/www.jeroportugal.pt\/pt\/wp-json\/wp\/v2\/media\/6092"}],"wp:attachment":[{"href":"https:\/\/www.jeroportugal.pt\/pt\/wp-json\/wp\/v2\/media?parent=15193"}],"wp:term":[{"taxonomy":"product_brand","embeddable":true,"href":"https:\/\/www.jeroportugal.pt\/pt\/wp-json\/wp\/v2\/product_brand?post=15193"},{"taxonomy":"product_cat","embeddable":true,"href":"https:\/\/www.jeroportugal.pt\/pt\/wp-json\/wp\/v2\/product_cat?post=15193"},{"taxonomy":"product_tag","embeddable":true,"href":"https:\/\/www.jeroportugal.pt\/pt\/wp-json\/wp\/v2\/product_tag?post=15193"}],"curies":[{"name":"wp","href":"https:\/\/api.w.org\/{rel}","templated":true}]}}