{"id":14631,"date":"2021-01-28T11:06:06","date_gmt":"2021-01-28T11:06:06","guid":{"rendered":"http:\/\/www.jeroportugal.pt.meulink.net\/product\/import-placeholder-for-1008-mp1\/"},"modified":"2024-10-14T13:03:11","modified_gmt":"2024-10-14T12:03:11","slug":"sintra-carving-knife-20-5cm","status":"publish","type":"product","link":"https:\/\/www.jeroportugal.pt\/pt\/product\/sintra-carving-knife-20-5cm\/","title":{"rendered":"Faca para Trinchar 20.5cm"},"content":{"rendered":"","protected":false},"excerpt":{"rendered":"<p>As facas da linha Sintra s\u00e3o feitas em a\u00e7o inoxid\u00e1vel com alto teor de carbono.<\/p>\n<p>Os cabos s\u00e3o feitos em madeira prensada - at\u00f3xicos, higi\u00e9nicos e resistentes \u00e0 lavagem.<\/p>","protected":false},"featured_media":14574,"template":"","meta":{"_acf_changed":false,"_et_pb_use_builder":"","_et_pb_old_content":"","_et_gb_content_width":""},"product_brand":[],"product_cat":[643,761],"product_tag":[657,645,650,681],"class_list":{"0":"post-14631","1":"product","2":"type-product","3":"status-publish","4":"has-post-thumbnail","6":"product_cat-cooks-knives","7":"product_cat-sintra","8":"product_tag-carving-knife","9":"product_tag-cooks-knives","10":"product_tag-pressed-wood","11":"product_tag-red","12":"pa_available-options-red-pressed-wood","14":"first","15":"instock","16":"shipping-taxable","17":"purchasable","18":"product-type-variable","19":"has-default-attributes"},"acf":[],"_links":{"self":[{"href":"https:\/\/www.jeroportugal.pt\/pt\/wp-json\/wp\/v2\/product\/14631","targetHints":{"allow":["GET"]}}],"collection":[{"href":"https:\/\/www.jeroportugal.pt\/pt\/wp-json\/wp\/v2\/product"}],"about":[{"href":"https:\/\/www.jeroportugal.pt\/pt\/wp-json\/wp\/v2\/types\/product"}],"wp:featuredmedia":[{"embeddable":true,"href":"https:\/\/www.jeroportugal.pt\/pt\/wp-json\/wp\/v2\/media\/14574"}],"wp:attachment":[{"href":"https:\/\/www.jeroportugal.pt\/pt\/wp-json\/wp\/v2\/media?parent=14631"}],"wp:term":[{"taxonomy":"product_brand","embeddable":true,"href":"https:\/\/www.jeroportugal.pt\/pt\/wp-json\/wp\/v2\/product_brand?post=14631"},{"taxonomy":"product_cat","embeddable":true,"href":"https:\/\/www.jeroportugal.pt\/pt\/wp-json\/wp\/v2\/product_cat?post=14631"},{"taxonomy":"product_tag","embeddable":true,"href":"https:\/\/www.jeroportugal.pt\/pt\/wp-json\/wp\/v2\/product_tag?post=14631"}],"curies":[{"name":"wp","href":"https:\/\/api.w.org\/{rel}","templated":true}]}}