{"id":14494,"date":"2021-01-27T10:13:57","date_gmt":"2021-01-27T10:13:57","guid":{"rendered":"http:\/\/www.jeroportugal.pt.meulink.net\/product\/import-placeholder-for-208-w\/"},"modified":"2024-10-14T13:03:12","modified_gmt":"2024-10-14T12:03:12","slug":"tradicional-sharpening-steel-20cm","status":"publish","type":"product","link":"https:\/\/www.jeroportugal.pt\/pt\/product\/tradicional-sharpening-steel-20cm\/","title":{"rendered":"Fuzil 20cm"},"content":{"rendered":"","protected":false},"excerpt":{"rendered":"<p>O fuzil \u00e9 feito a partir de a\u00e7o inoxid\u00e1vel de alto teor de carbono.<\/p>\n<p>O cabo \u00e9 em madeira ex\u00f3tica oriunda de Africa.<\/p>","protected":false},"featured_media":13946,"template":"","meta":{"_acf_changed":false,"_et_pb_use_builder":"","_et_pb_old_content":"","_et_gb_content_width":""},"product_brand":[],"product_cat":[643,755],"product_tag":[645,660,745],"class_list":{"0":"post-14494","1":"product","2":"type-product","3":"status-publish","4":"has-post-thumbnail","6":"product_cat-cooks-knives","7":"product_cat-tradicional","8":"product_tag-cooks-knives","9":"product_tag-sharpening-steel","10":"product_tag-wengue","11":"pa_available-options-wengue","13":"first","14":"instock","15":"shipping-taxable","16":"purchasable","17":"product-type-variable","18":"has-default-attributes"},"acf":[],"_links":{"self":[{"href":"https:\/\/www.jeroportugal.pt\/pt\/wp-json\/wp\/v2\/product\/14494","targetHints":{"allow":["GET"]}}],"collection":[{"href":"https:\/\/www.jeroportugal.pt\/pt\/wp-json\/wp\/v2\/product"}],"about":[{"href":"https:\/\/www.jeroportugal.pt\/pt\/wp-json\/wp\/v2\/types\/product"}],"wp:featuredmedia":[{"embeddable":true,"href":"https:\/\/www.jeroportugal.pt\/pt\/wp-json\/wp\/v2\/media\/13946"}],"wp:attachment":[{"href":"https:\/\/www.jeroportugal.pt\/pt\/wp-json\/wp\/v2\/media?parent=14494"}],"wp:term":[{"taxonomy":"product_brand","embeddable":true,"href":"https:\/\/www.jeroportugal.pt\/pt\/wp-json\/wp\/v2\/product_brand?post=14494"},{"taxonomy":"product_cat","embeddable":true,"href":"https:\/\/www.jeroportugal.pt\/pt\/wp-json\/wp\/v2\/product_cat?post=14494"},{"taxonomy":"product_tag","embeddable":true,"href":"https:\/\/www.jeroportugal.pt\/pt\/wp-json\/wp\/v2\/product_tag?post=14494"}],"curies":[{"name":"wp","href":"https:\/\/api.w.org\/{rel}","templated":true}]}}