{"id":14488,"date":"2021-01-27T10:13:57","date_gmt":"2021-01-27T10:13:57","guid":{"rendered":"http:\/\/www.jeroportugal.pt.meulink.net\/product\/import-placeholder-for-1308-sw\/"},"modified":"2024-10-14T13:03:11","modified_gmt":"2024-10-14T12:03:11","slug":"tradicional-bread-knife-serrated-blade-20cm","status":"publish","type":"product","link":"https:\/\/www.jeroportugal.pt\/pt\/product\/tradicional-bread-knife-serrated-blade-20cm\/","title":{"rendered":"Faca para P\u00e3o 20cm"},"content":{"rendered":"","protected":false},"excerpt":{"rendered":"<p>As l\u00e2minas destas facas s\u00e3o em a\u00e7o inoxid\u00e1vel com alto teor de carbono.<\/p>\n<p>O cabo \u00e9 em madeira ex\u00f3tica oriunda de Africa.<\/p>","protected":false},"featured_media":13951,"template":"","meta":{"_acf_changed":false,"_et_pb_use_builder":"","_et_pb_old_content":"","_et_gb_content_width":""},"product_brand":[],"product_cat":[643,755],"product_tag":[662,645,663,745],"class_list":{"0":"post-14488","1":"product","2":"type-product","3":"status-publish","4":"has-post-thumbnail","6":"product_cat-cooks-knives","7":"product_cat-tradicional","8":"product_tag-bread-knife","9":"product_tag-cooks-knives","10":"product_tag-serrated","11":"product_tag-wengue","12":"pa_available-options-wengue","14":"first","15":"instock","16":"shipping-taxable","17":"purchasable","18":"product-type-variable","19":"has-default-attributes"},"acf":[],"_links":{"self":[{"href":"https:\/\/www.jeroportugal.pt\/pt\/wp-json\/wp\/v2\/product\/14488","targetHints":{"allow":["GET"]}}],"collection":[{"href":"https:\/\/www.jeroportugal.pt\/pt\/wp-json\/wp\/v2\/product"}],"about":[{"href":"https:\/\/www.jeroportugal.pt\/pt\/wp-json\/wp\/v2\/types\/product"}],"wp:featuredmedia":[{"embeddable":true,"href":"https:\/\/www.jeroportugal.pt\/pt\/wp-json\/wp\/v2\/media\/13951"}],"wp:attachment":[{"href":"https:\/\/www.jeroportugal.pt\/pt\/wp-json\/wp\/v2\/media?parent=14488"}],"wp:term":[{"taxonomy":"product_brand","embeddable":true,"href":"https:\/\/www.jeroportugal.pt\/pt\/wp-json\/wp\/v2\/product_brand?post=14488"},{"taxonomy":"product_cat","embeddable":true,"href":"https:\/\/www.jeroportugal.pt\/pt\/wp-json\/wp\/v2\/product_cat?post=14488"},{"taxonomy":"product_tag","embeddable":true,"href":"https:\/\/www.jeroportugal.pt\/pt\/wp-json\/wp\/v2\/product_tag?post=14488"}],"curies":[{"name":"wp","href":"https:\/\/api.w.org\/{rel}","templated":true}]}}