{"id":14232,"date":"2021-01-26T19:16:14","date_gmt":"2021-01-26T19:16:14","guid":{"rendered":"http:\/\/www.jeroportugal.pt.meulink.net\/product\/import-placeholder-for-208\/"},"modified":"2024-10-14T13:03:24","modified_gmt":"2024-10-14T12:03:24","slug":"classic-sharpening-steel-20cm","status":"publish","type":"product","link":"https:\/\/www.jeroportugal.pt\/pt\/product\/classic-sharpening-steel-20cm\/","title":{"rendered":"Fuzil 20cm"},"content":{"rendered":"","protected":false},"excerpt":{"rendered":"<p>Cutelaria especial de alta qualidade.<\/p>\n<p>Fuzil em a\u00e7o inoxid\u00e1vel e cabos dispon\u00edveis em madeira ex\u00f3tica ou em Poliacetal(POM).<\/p>","protected":false},"featured_media":13848,"template":"","meta":{"_acf_changed":false,"_et_pb_use_builder":"","_et_pb_old_content":"","_et_gb_content_width":""},"product_brand":[],"product_cat":[736,643],"product_tag":[654,738,645,731,652,650,681,660],"class_list":{"0":"post-14232","1":"product","2":"type-product","3":"status-publish","4":"has-post-thumbnail","6":"product_cat-classic","7":"product_cat-cooks-knives","8":"product_tag-black","9":"product_tag-bubinga","10":"product_tag-cooks-knives","11":"product_tag-luxe","12":"product_tag-pom","13":"product_tag-pressed-wood","14":"product_tag-red","15":"product_tag-sharpening-steel","16":"pa_available-options-black-pom","17":"pa_available-options-bubinga","18":"pa_available-options-red-pressed-wood","20":"first","21":"instock","22":"shipping-taxable","23":"purchasable","24":"product-type-variable","25":"has-default-attributes"},"acf":[],"_links":{"self":[{"href":"https:\/\/www.jeroportugal.pt\/pt\/wp-json\/wp\/v2\/product\/14232","targetHints":{"allow":["GET"]}}],"collection":[{"href":"https:\/\/www.jeroportugal.pt\/pt\/wp-json\/wp\/v2\/product"}],"about":[{"href":"https:\/\/www.jeroportugal.pt\/pt\/wp-json\/wp\/v2\/types\/product"}],"wp:featuredmedia":[{"embeddable":true,"href":"https:\/\/www.jeroportugal.pt\/pt\/wp-json\/wp\/v2\/media\/13848"}],"wp:attachment":[{"href":"https:\/\/www.jeroportugal.pt\/pt\/wp-json\/wp\/v2\/media?parent=14232"}],"wp:term":[{"taxonomy":"product_brand","embeddable":true,"href":"https:\/\/www.jeroportugal.pt\/pt\/wp-json\/wp\/v2\/product_brand?post=14232"},{"taxonomy":"product_cat","embeddable":true,"href":"https:\/\/www.jeroportugal.pt\/pt\/wp-json\/wp\/v2\/product_cat?post=14232"},{"taxonomy":"product_tag","embeddable":true,"href":"https:\/\/www.jeroportugal.pt\/pt\/wp-json\/wp\/v2\/product_tag?post=14232"}],"curies":[{"name":"wp","href":"https:\/\/api.w.org\/{rel}","templated":true}]}}