{"id":14229,"date":"2021-01-26T19:16:14","date_gmt":"2021-01-26T19:16:14","guid":{"rendered":"http:\/\/www.jeroportugal.pt.meulink.net\/product\/import-placeholder-for-838-s\/"},"modified":"2024-10-14T13:03:24","modified_gmt":"2024-10-14T12:03:24","slug":"classic-bread-knife-serrated-blade-20cm","status":"publish","type":"product","link":"https:\/\/www.jeroportugal.pt\/pt\/product\/classic-bread-knife-serrated-blade-20cm\/","title":{"rendered":"Faca para P\u00e3o 20cm"},"content":{"rendered":"","protected":false},"excerpt":{"rendered":"<p>Cutelaria especial de alta qualidade.<\/p>\n<p>L\u00e2mina em a\u00e7o inoxid\u00e1vel e cabos dispon\u00edveis em madeira ex\u00f3tica ou em Poliacetal(POM).<\/p>\n<p>A linha Classic distingue-se com as suas pe\u00e7as em <i>full tang<\/i> e anilha em lat\u00e3o que conferem um elevado n\u00edvel de resist\u00eancia, seguran\u00e7a e beleza.<\/p>","protected":false},"featured_media":13862,"template":"","meta":{"_acf_changed":false,"_et_pb_use_builder":"","_et_pb_old_content":"","_et_gb_content_width":""},"product_brand":[],"product_cat":[736,643],"product_tag":[654,662,738,645,647,731,652,650,681,663],"class_list":{"0":"post-14229","1":"product","2":"type-product","3":"status-publish","4":"has-post-thumbnail","6":"product_cat-classic","7":"product_cat-cooks-knives","8":"product_tag-black","9":"product_tag-bread-knife","10":"product_tag-bubinga","11":"product_tag-cooks-knives","12":"product_tag-full-tang","13":"product_tag-luxe","14":"product_tag-pom","15":"product_tag-pressed-wood","16":"product_tag-red","17":"product_tag-serrated","18":"pa_available-options-black-pom","19":"pa_available-options-bubinga","20":"pa_available-options-red-pressed-wood","22":"first","23":"instock","24":"shipping-taxable","25":"purchasable","26":"product-type-variable","27":"has-default-attributes"},"acf":[],"_links":{"self":[{"href":"https:\/\/www.jeroportugal.pt\/pt\/wp-json\/wp\/v2\/product\/14229","targetHints":{"allow":["GET"]}}],"collection":[{"href":"https:\/\/www.jeroportugal.pt\/pt\/wp-json\/wp\/v2\/product"}],"about":[{"href":"https:\/\/www.jeroportugal.pt\/pt\/wp-json\/wp\/v2\/types\/product"}],"wp:featuredmedia":[{"embeddable":true,"href":"https:\/\/www.jeroportugal.pt\/pt\/wp-json\/wp\/v2\/media\/13862"}],"wp:attachment":[{"href":"https:\/\/www.jeroportugal.pt\/pt\/wp-json\/wp\/v2\/media?parent=14229"}],"wp:term":[{"taxonomy":"product_brand","embeddable":true,"href":"https:\/\/www.jeroportugal.pt\/pt\/wp-json\/wp\/v2\/product_brand?post=14229"},{"taxonomy":"product_cat","embeddable":true,"href":"https:\/\/www.jeroportugal.pt\/pt\/wp-json\/wp\/v2\/product_cat?post=14229"},{"taxonomy":"product_tag","embeddable":true,"href":"https:\/\/www.jeroportugal.pt\/pt\/wp-json\/wp\/v2\/product_tag?post=14229"}],"curies":[{"name":"wp","href":"https:\/\/api.w.org\/{rel}","templated":true}]}}