{"id":14103,"date":"2021-01-26T18:42:08","date_gmt":"2021-01-26T18:42:08","guid":{"rendered":"http:\/\/www.jeroportugal.pt.meulink.net\/product\/import-placeholder-for-1604-smp\/"},"modified":"2024-10-14T13:03:24","modified_gmt":"2024-10-14T12:03:24","slug":"porto-butter-knife-10cm","status":"publish","type":"product","link":"https:\/\/www.jeroportugal.pt\/pt\/product\/porto-butter-knife-10cm\/","title":{"rendered":"Faca para Manteiga 10cm"},"content":{"rendered":"","protected":false},"excerpt":{"rendered":"<p>As l\u00e2minas das esp\u00e1tulas s\u00e3o em a\u00e7o inoxid\u00e1vel com alto teor de carbono.<\/p>\n<p>Os cabos s\u00e3o feitos de madeira prensada - finas placas de madeira coladas entre si com uma resina protetora que impermeabiliza a superf\u00edcie da madeira permitindo a sua lavagem.<\/p>","protected":false},"featured_media":10781,"template":"","meta":{"_acf_changed":false,"_et_pb_use_builder":"","_et_pb_old_content":"","_et_gb_content_width":""},"product_brand":[],"product_cat":[643,623],"product_tag":[727,726,645,650,653],"class_list":{"0":"post-14103","1":"product","2":"type-product","3":"status-publish","4":"has-post-thumbnail","6":"product_cat-cooks-knives","7":"product_cat-porto","8":"product_tag-breakfast","9":"product_tag-butter-knife","10":"product_tag-cooks-knives","11":"product_tag-pressed-wood","12":"product_tag-red-black","13":"pa_available-options-red-black-pressed-wood","15":"first","16":"instock","17":"shipping-taxable","18":"purchasable","19":"product-type-variable","20":"has-default-attributes"},"acf":[],"_links":{"self":[{"href":"https:\/\/www.jeroportugal.pt\/pt\/wp-json\/wp\/v2\/product\/14103","targetHints":{"allow":["GET"]}}],"collection":[{"href":"https:\/\/www.jeroportugal.pt\/pt\/wp-json\/wp\/v2\/product"}],"about":[{"href":"https:\/\/www.jeroportugal.pt\/pt\/wp-json\/wp\/v2\/types\/product"}],"wp:featuredmedia":[{"embeddable":true,"href":"https:\/\/www.jeroportugal.pt\/pt\/wp-json\/wp\/v2\/media\/10781"}],"wp:attachment":[{"href":"https:\/\/www.jeroportugal.pt\/pt\/wp-json\/wp\/v2\/media?parent=14103"}],"wp:term":[{"taxonomy":"product_brand","embeddable":true,"href":"https:\/\/www.jeroportugal.pt\/pt\/wp-json\/wp\/v2\/product_brand?post=14103"},{"taxonomy":"product_cat","embeddable":true,"href":"https:\/\/www.jeroportugal.pt\/pt\/wp-json\/wp\/v2\/product_cat?post=14103"},{"taxonomy":"product_tag","embeddable":true,"href":"https:\/\/www.jeroportugal.pt\/pt\/wp-json\/wp\/v2\/product_tag?post=14103"}],"curies":[{"name":"wp","href":"https:\/\/api.w.org\/{rel}","templated":true}]}}