{"id":14080,"date":"2021-01-26T18:42:02","date_gmt":"2021-01-26T18:42:02","guid":{"rendered":"http:\/\/www.jeroportugal.pt.meulink.net\/product\/import-placeholder-for-5140-mp\/"},"modified":"2024-10-14T13:03:14","modified_gmt":"2024-10-14T12:03:14","slug":"porto-paring-knife-10cm","status":"publish","type":"product","link":"https:\/\/www.jeroportugal.pt\/pt\/product\/porto-paring-knife-10cm\/","title":{"rendered":"Faca para Legumes 10cm"},"content":{"rendered":"","protected":false},"excerpt":{"rendered":"<p>As facas da linha Porto s\u00e3o feitas a partir de a\u00e7o inoxid\u00e1vel com alto teor de carbono.<\/p>\n<p>Os cabos s\u00e3o feitos de madeira prensada - finas placas de madeira coladas entre si com uma resina protetora que impermeabiliza a superf\u00edcie da madeira permitindo a sua lavagem.<\/p>","protected":false},"featured_media":10789,"template":"","meta":{"_acf_changed":false,"_et_pb_use_builder":"","_et_pb_old_content":"","_et_gb_content_width":""},"product_brand":[],"product_cat":[643,623],"product_tag":[645,664,650,653],"class_list":{"0":"post-14080","1":"product","2":"type-product","3":"status-publish","4":"has-post-thumbnail","6":"product_cat-cooks-knives","7":"product_cat-porto","8":"product_tag-cooks-knives","9":"product_tag-paring-knife","10":"product_tag-pressed-wood","11":"product_tag-red-black","12":"pa_available-options-red-black-pressed-wood","14":"first","15":"instock","16":"shipping-taxable","17":"purchasable","18":"product-type-variable","19":"has-default-attributes"},"acf":[],"_links":{"self":[{"href":"https:\/\/www.jeroportugal.pt\/pt\/wp-json\/wp\/v2\/product\/14080","targetHints":{"allow":["GET"]}}],"collection":[{"href":"https:\/\/www.jeroportugal.pt\/pt\/wp-json\/wp\/v2\/product"}],"about":[{"href":"https:\/\/www.jeroportugal.pt\/pt\/wp-json\/wp\/v2\/types\/product"}],"wp:featuredmedia":[{"embeddable":true,"href":"https:\/\/www.jeroportugal.pt\/pt\/wp-json\/wp\/v2\/media\/10789"}],"wp:attachment":[{"href":"https:\/\/www.jeroportugal.pt\/pt\/wp-json\/wp\/v2\/media?parent=14080"}],"wp:term":[{"taxonomy":"product_brand","embeddable":true,"href":"https:\/\/www.jeroportugal.pt\/pt\/wp-json\/wp\/v2\/product_brand?post=14080"},{"taxonomy":"product_cat","embeddable":true,"href":"https:\/\/www.jeroportugal.pt\/pt\/wp-json\/wp\/v2\/product_cat?post=14080"},{"taxonomy":"product_tag","embeddable":true,"href":"https:\/\/www.jeroportugal.pt\/pt\/wp-json\/wp\/v2\/product_tag?post=14080"}],"curies":[{"name":"wp","href":"https:\/\/api.w.org\/{rel}","templated":true}]}}