{"id":13754,"date":"2021-01-07T11:13:59","date_gmt":"2021-01-07T11:13:59","guid":{"rendered":"http:\/\/www.jeroportugal.pt.meulink.net\/product\/import-placeholder-for-21336-16\/"},"modified":"2024-10-14T13:03:15","modified_gmt":"2024-10-14T12:03:15","slug":"forja-forged-carving-fork-16cm","status":"publish","type":"product","link":"https:\/\/www.jeroportugal.pt\/pt\/product\/forja-forged-carving-fork-16cm\/","title":{"rendered":"Garfo Forjado para Trinchar 16cm"},"content":{"rendered":"","protected":false},"excerpt":{"rendered":"<p>Esta pe\u00e7a \u00e9 feita em a\u00e7o inoxid\u00e1vel com alto teor de carbono - W.Nr. 1.4116 \/ DIN X45CrMoV 15.<\/p>\n<p>Os cabos da Forja s\u00e3o em Poliacetal(POM) ou em madeira prensada, ambos os materiais s\u00e3o at\u00f3xicos, higi\u00e9nicos e resistentes \u00e0 lavagem.<\/p>","protected":false},"featured_media":6604,"template":"","meta":{"_acf_changed":false,"_et_pb_use_builder":"","_et_pb_old_content":"","_et_gb_content_width":""},"product_brand":[],"product_cat":[643,551],"product_tag":[654,658,645,732,647,731,652,650,681],"class_list":{"0":"post-13754","1":"product","2":"type-product","3":"status-publish","4":"has-post-thumbnail","6":"product_cat-cooks-knives","7":"product_cat-forja","8":"product_tag-black","9":"product_tag-carving-fork","10":"product_tag-cooks-knives","11":"product_tag-forged","12":"product_tag-full-tang","13":"product_tag-luxe","14":"product_tag-pom","15":"product_tag-pressed-wood","16":"product_tag-red","17":"pa_available-options-black-pom","19":"first","20":"instock","21":"shipping-taxable","22":"purchasable","23":"product-type-variable","24":"has-default-attributes"},"acf":[],"_links":{"self":[{"href":"https:\/\/www.jeroportugal.pt\/pt\/wp-json\/wp\/v2\/product\/13754","targetHints":{"allow":["GET"]}}],"collection":[{"href":"https:\/\/www.jeroportugal.pt\/pt\/wp-json\/wp\/v2\/product"}],"about":[{"href":"https:\/\/www.jeroportugal.pt\/pt\/wp-json\/wp\/v2\/types\/product"}],"wp:featuredmedia":[{"embeddable":true,"href":"https:\/\/www.jeroportugal.pt\/pt\/wp-json\/wp\/v2\/media\/6604"}],"wp:attachment":[{"href":"https:\/\/www.jeroportugal.pt\/pt\/wp-json\/wp\/v2\/media?parent=13754"}],"wp:term":[{"taxonomy":"product_brand","embeddable":true,"href":"https:\/\/www.jeroportugal.pt\/pt\/wp-json\/wp\/v2\/product_brand?post=13754"},{"taxonomy":"product_cat","embeddable":true,"href":"https:\/\/www.jeroportugal.pt\/pt\/wp-json\/wp\/v2\/product_cat?post=13754"},{"taxonomy":"product_tag","embeddable":true,"href":"https:\/\/www.jeroportugal.pt\/pt\/wp-json\/wp\/v2\/product_tag?post=13754"}],"curies":[{"name":"wp","href":"https:\/\/api.w.org\/{rel}","templated":true}]}}