{"id":13687,"date":"2021-01-07T11:04:33","date_gmt":"2021-01-07T11:04:33","guid":{"rendered":"http:\/\/www.jeroportugal.pt.meulink.net\/product\/import-placeholder-for-2500-s-pr\/"},"modified":"2024-10-14T13:03:15","modified_gmt":"2024-10-14T12:03:15","slug":"pr-cheese-knife-13cm","status":"publish","type":"product","link":"https:\/\/www.jeroportugal.pt\/pt\/product\/pr-cheese-knife-13cm\/","title":{"rendered":"Faca para Queijo com Serrilha 13cm"},"content":{"rendered":"","protected":false},"excerpt":{"rendered":"<p>As l\u00e2minas destas facas s\u00e3o em a\u00e7o inoxid\u00e1vel com alto teor de carbono.<\/p>\n<p>O cabo em Poliacetal (POM) \u00e9 at\u00f3xico, higi\u00e9nico e resistente \u00e0 lavagem na m\u00e1quina.<\/p>","protected":false},"featured_media":6748,"template":"","meta":{"_acf_changed":false,"_et_pb_use_builder":"","_et_pb_old_content":"","_et_gb_content_width":""},"product_brand":[],"product_cat":[643,544],"product_tag":[654,666,645,729,652,663],"class_list":{"0":"post-13687","1":"product","2":"type-product","3":"status-publish","4":"has-post-thumbnail","6":"product_cat-cooks-knives","7":"product_cat-home-pr","8":"product_tag-black","9":"product_tag-cheese-knife","10":"product_tag-cooks-knives","11":"product_tag-food-industry","12":"product_tag-pom","13":"product_tag-serrated","14":"pa_available-options-black-pom","16":"first","17":"instock","18":"shipping-taxable","19":"purchasable","20":"product-type-variable","21":"has-default-attributes"},"acf":[],"_links":{"self":[{"href":"https:\/\/www.jeroportugal.pt\/pt\/wp-json\/wp\/v2\/product\/13687","targetHints":{"allow":["GET"]}}],"collection":[{"href":"https:\/\/www.jeroportugal.pt\/pt\/wp-json\/wp\/v2\/product"}],"about":[{"href":"https:\/\/www.jeroportugal.pt\/pt\/wp-json\/wp\/v2\/types\/product"}],"wp:featuredmedia":[{"embeddable":true,"href":"https:\/\/www.jeroportugal.pt\/pt\/wp-json\/wp\/v2\/media\/6748"}],"wp:attachment":[{"href":"https:\/\/www.jeroportugal.pt\/pt\/wp-json\/wp\/v2\/media?parent=13687"}],"wp:term":[{"taxonomy":"product_brand","embeddable":true,"href":"https:\/\/www.jeroportugal.pt\/pt\/wp-json\/wp\/v2\/product_brand?post=13687"},{"taxonomy":"product_cat","embeddable":true,"href":"https:\/\/www.jeroportugal.pt\/pt\/wp-json\/wp\/v2\/product_cat?post=13687"},{"taxonomy":"product_tag","embeddable":true,"href":"https:\/\/www.jeroportugal.pt\/pt\/wp-json\/wp\/v2\/product_tag?post=13687"}],"curies":[{"name":"wp","href":"https:\/\/api.w.org\/{rel}","templated":true}]}}