{"id":13410,"date":"2021-01-07T09:50:36","date_gmt":"2021-01-07T09:50:36","guid":{"rendered":"http:\/\/www.jeroportugal.pt.meulink.net\/product\/import-placeholder-for-2065-tr-sf\/"},"modified":"2021-05-06T14:43:19","modified_gmt":"2021-05-06T13:43:19","slug":"tr-boning-knife-16cm-curved-semi-flex","status":"publish","type":"product","link":"https:\/\/www.jeroportugal.pt\/pt\/product\/tr-boning-knife-16cm-curved-semi-flex\/","title":{"rendered":"Faca para Desossar 16cm (curva semi-flex)"},"content":{"rendered":"","protected":false},"excerpt":{"rendered":"<p>A l\u00e2mina \u00e9 fabricada com a\u00e7o inoxid\u00e1vel de alta qualidade, Molibd\u00e9nio\/Van\u00e1dio, garantindo-lhe um grande poder de corte, dureza elevada e excelente resist\u00eancia \u00e0 corros\u00e3o.<\/p>\n<p>O material \"aborrachado\" da superf\u00edcie permite uma melhor ader\u00eancia em qualquer condi\u00e7\u00e3o.<\/p>\n<p>A estrutura forte para suportar uma utiliza\u00e7\u00e3o intensiva, devido ao componente em pl\u00e1stico r\u00edgido que \u00e9 injetado diretamente na l\u00e2mina.<\/p>\n<p>O sistema de diferencia\u00e7\u00e3o de cabos coloridos permite ao profissional das v\u00e1rias \u00e1reas de prepara\u00e7\u00e3o de alimentos e ingredientes, distinguir cada faca para cada uso, evitando assim a contamina\u00e7\u00e3o entre produtos.<\/p>","protected":false},"featured_media":9819,"template":"","meta":{"_acf_changed":false,"_et_pb_use_builder":"","_et_pb_old_content":"","_et_gb_content_width":""},"product_brand":[],"product_cat":[612,675],"product_tag":[654,680,667,718,697,695,690,785,706,719,677,681,698,655,679],"class_list":{"0":"post-13410","1":"product","2":"type-product","3":"status-publish","4":"has-post-thumbnail","6":"product_cat-pro-series-tr","7":"product_cat-professional-knives","8":"product_tag-black","9":"product_tag-blue","10":"product_tag-boning","11":"product_tag-comfortable","12":"product_tag-curved","13":"product_tag-ergonomic","14":"product_tag-green","15":"product_tag-horeca","16":"product_tag-non-slip","17":"product_tag-pp-tpe","18":"product_tag-professional-knives","19":"product_tag-red","20":"product_tag-semi-flex","21":"product_tag-white","22":"product_tag-yellow","23":"pa_available-options-black","24":"pa_available-options-blue","25":"pa_available-options-green","26":"pa_available-options-red","27":"pa_available-options-white","28":"pa_available-options-yellow","30":"first","31":"instock","32":"shipping-taxable","33":"purchasable","34":"product-type-variable","35":"has-default-attributes"},"acf":[],"_links":{"self":[{"href":"https:\/\/www.jeroportugal.pt\/pt\/wp-json\/wp\/v2\/product\/13410","targetHints":{"allow":["GET"]}}],"collection":[{"href":"https:\/\/www.jeroportugal.pt\/pt\/wp-json\/wp\/v2\/product"}],"about":[{"href":"https:\/\/www.jeroportugal.pt\/pt\/wp-json\/wp\/v2\/types\/product"}],"wp:featuredmedia":[{"embeddable":true,"href":"https:\/\/www.jeroportugal.pt\/pt\/wp-json\/wp\/v2\/media\/9819"}],"wp:attachment":[{"href":"https:\/\/www.jeroportugal.pt\/pt\/wp-json\/wp\/v2\/media?parent=13410"}],"wp:term":[{"taxonomy":"product_brand","embeddable":true,"href":"https:\/\/www.jeroportugal.pt\/pt\/wp-json\/wp\/v2\/product_brand?post=13410"},{"taxonomy":"product_cat","embeddable":true,"href":"https:\/\/www.jeroportugal.pt\/pt\/wp-json\/wp\/v2\/product_cat?post=13410"},{"taxonomy":"product_tag","embeddable":true,"href":"https:\/\/www.jeroportugal.pt\/pt\/wp-json\/wp\/v2\/product_tag?post=13410"}],"curies":[{"name":"wp","href":"https:\/\/api.w.org\/{rel}","templated":true}]}}