{"id":13288,"date":"2021-01-07T09:50:16","date_gmt":"2021-01-07T09:50:16","guid":{"rendered":"http:\/\/www.jeroportugal.pt.meulink.net\/product\/import-placeholder-for-1414-tr\/"},"modified":"2021-05-06T14:43:26","modified_gmt":"2021-05-06T13:43:26","slug":"tr-lamb-skinner-knife-14cm","status":"publish","type":"product","link":"https:\/\/www.jeroportugal.pt\/pt\/product\/tr-lamb-skinner-knife-14cm\/","title":{"rendered":"Faca para Esfolar 14cm"},"content":{"rendered":"","protected":false},"excerpt":{"rendered":"<p>A l\u00e2mina \u00e9 fabricada com a\u00e7o inoxid\u00e1vel de alta qualidade, Molibd\u00e9nio\/Van\u00e1dio, garantindo-lhe um grande poder de corte, dureza elevada e excelente resist\u00eancia \u00e0 corros\u00e3o.<\/p>\n<p>O material \"aborrachado\" da superf\u00edcie permite uma melhor ader\u00eancia em qualquer condi\u00e7\u00e3o.<\/p>\n<p>A estrutura forte para suportar uma utiliza\u00e7\u00e3o intensiva, devido ao componente em pl\u00e1stico r\u00edgido que \u00e9 injetado diretamente na l\u00e2mina.<\/p>\n<p>O sistema de diferencia\u00e7\u00e3o de cabos coloridos permite ao profissional das v\u00e1rias \u00e1reas de prepara\u00e7\u00e3o de alimentos e ingredientes, distinguir cada faca para cada uso, evitando assim a contamina\u00e7\u00e3o entre produtos.<\/p>","protected":false},"featured_media":9723,"template":"","meta":{"_acf_changed":false,"_et_pb_use_builder":"","_et_pb_old_content":"","_et_gb_content_width":""},"product_brand":[],"product_cat":[612,675],"product_tag":[654,680,718,695,690,785,706,719,677,681,683,655,679],"class_list":{"0":"post-13288","1":"product","2":"type-product","3":"status-publish","4":"has-post-thumbnail","6":"product_cat-pro-series-tr","7":"product_cat-professional-knives","8":"product_tag-black","9":"product_tag-blue","10":"product_tag-comfortable","11":"product_tag-ergonomic","12":"product_tag-green","13":"product_tag-horeca","14":"product_tag-non-slip","15":"product_tag-pp-tpe","16":"product_tag-professional-knives","17":"product_tag-red","18":"product_tag-skinning","19":"product_tag-white","20":"product_tag-yellow","21":"pa_available-options-black","22":"pa_available-options-blue","23":"pa_available-options-green","24":"pa_available-options-red","25":"pa_available-options-white","26":"pa_available-options-yellow","28":"first","29":"instock","30":"shipping-taxable","31":"purchasable","32":"product-type-variable","33":"has-default-attributes"},"acf":[],"_links":{"self":[{"href":"https:\/\/www.jeroportugal.pt\/pt\/wp-json\/wp\/v2\/product\/13288","targetHints":{"allow":["GET"]}}],"collection":[{"href":"https:\/\/www.jeroportugal.pt\/pt\/wp-json\/wp\/v2\/product"}],"about":[{"href":"https:\/\/www.jeroportugal.pt\/pt\/wp-json\/wp\/v2\/types\/product"}],"wp:featuredmedia":[{"embeddable":true,"href":"https:\/\/www.jeroportugal.pt\/pt\/wp-json\/wp\/v2\/media\/9723"}],"wp:attachment":[{"href":"https:\/\/www.jeroportugal.pt\/pt\/wp-json\/wp\/v2\/media?parent=13288"}],"wp:term":[{"taxonomy":"product_brand","embeddable":true,"href":"https:\/\/www.jeroportugal.pt\/pt\/wp-json\/wp\/v2\/product_brand?post=13288"},{"taxonomy":"product_cat","embeddable":true,"href":"https:\/\/www.jeroportugal.pt\/pt\/wp-json\/wp\/v2\/product_cat?post=13288"},{"taxonomy":"product_tag","embeddable":true,"href":"https:\/\/www.jeroportugal.pt\/pt\/wp-json\/wp\/v2\/product_tag?post=13288"}],"curies":[{"name":"wp","href":"https:\/\/api.w.org\/{rel}","templated":true}]}}