{"id":12543,"date":"2021-01-06T16:18:25","date_gmt":"2021-01-06T16:18:25","guid":{"rendered":"http:\/\/www.jeroportugal.pt.meulink.net\/product\/import-placeholder-for-9000\/"},"modified":"2024-10-14T13:03:16","modified_gmt":"2024-10-14T12:03:16","slug":"pe-cutting-knife-for-dry-codfish-with-mounting-base-30cm","status":"publish","type":"product","link":"https:\/\/www.jeroportugal.pt\/pt\/product\/pe-cutting-knife-for-dry-codfish-with-mounting-base-30cm\/","title":{"rendered":"Faca para Bacalhau com base de 30cm"},"content":{"rendered":"","protected":false},"excerpt":{"rendered":"<p>A faca para cortar bacalhau foi desenvolvida para garantir um corte profissional na separa\u00e7\u00e3o do bacalhau seco.<\/p>\n<p>A tarefa de cortar o bacalhau seco \u00e9 facilitada porque esta faca funciona como uma guilhotina.<\/p>\n<p>A espiga em <i>full tang<\/i> grossa confere peso, balan\u00e7o e for\u00e7a no corte.<\/p>\n<p>Os rebites em a\u00e7o inoxid\u00e1vel garantem a boa e duradora fixa\u00e7\u00e3o do cabo \u00e0 l\u00e2mina.<\/p>\n<p>Para garantir uma ferramenta de corte duradora a base \u00e9 toda feita em a\u00e7o inoxid\u00e1vel.<\/p>","protected":false},"featured_media":15839,"template":"","meta":{"_acf_changed":false,"_et_pb_use_builder":"","_et_pb_old_content":"","_et_gb_content_width":""},"product_brand":[],"product_cat":[594,675],"product_tag":[716,715,710,677,655],"class_list":{"0":"post-12543","1":"product","2":"type-product","3":"status-publish","4":"has-post-thumbnail","6":"product_cat-pe","7":"product_cat-professional-knives","8":"product_tag-cutting-tools","9":"product_tag-dry-codfish","10":"product_tag-pe","11":"product_tag-professional-knives","12":"product_tag-white","13":"pa_available-options-white","15":"first","16":"outofstock","17":"shipping-taxable","18":"product-type-variable","19":"has-default-attributes"},"acf":[],"_links":{"self":[{"href":"https:\/\/www.jeroportugal.pt\/pt\/wp-json\/wp\/v2\/product\/12543","targetHints":{"allow":["GET"]}}],"collection":[{"href":"https:\/\/www.jeroportugal.pt\/pt\/wp-json\/wp\/v2\/product"}],"about":[{"href":"https:\/\/www.jeroportugal.pt\/pt\/wp-json\/wp\/v2\/types\/product"}],"wp:featuredmedia":[{"embeddable":true,"href":"https:\/\/www.jeroportugal.pt\/pt\/wp-json\/wp\/v2\/media\/15839"}],"wp:attachment":[{"href":"https:\/\/www.jeroportugal.pt\/pt\/wp-json\/wp\/v2\/media?parent=12543"}],"wp:term":[{"taxonomy":"product_brand","embeddable":true,"href":"https:\/\/www.jeroportugal.pt\/pt\/wp-json\/wp\/v2\/product_brand?post=12543"},{"taxonomy":"product_cat","embeddable":true,"href":"https:\/\/www.jeroportugal.pt\/pt\/wp-json\/wp\/v2\/product_cat?post=12543"},{"taxonomy":"product_tag","embeddable":true,"href":"https:\/\/www.jeroportugal.pt\/pt\/wp-json\/wp\/v2\/product_tag?post=12543"}],"curies":[{"name":"wp","href":"https:\/\/api.w.org\/{rel}","templated":true}]}}