{"id":12540,"date":"2021-01-06T16:18:25","date_gmt":"2021-01-06T16:18:25","guid":{"rendered":"http:\/\/www.jeroportugal.pt.meulink.net\/product\/import-placeholder-for-214-pe\/"},"modified":"2024-10-14T13:03:23","modified_gmt":"2024-10-14T12:03:23","slug":"pe-sharpening-steel-35cm","status":"publish","type":"product","link":"https:\/\/www.jeroportugal.pt\/pt\/product\/pe-sharpening-steel-35cm\/","title":{"rendered":"Fuzil 35cm"},"content":{"rendered":"","protected":false},"excerpt":{"rendered":"<p>O fuzil \u00e9 feito a partir de a\u00e7o inoxid\u00e1vel de alto teor de carbono.<\/p>\n<p>A superf\u00edcie do fuso est\u00e1 coberta com uma camada de cromo duro o que permite obter uma excelente dureza.<\/p>\n<p>Cabos dispon\u00edveis em polietileno (PE), higi\u00e9nicos e recomendados para a ind\u00fastria alimentar.<\/p>","protected":false},"featured_media":15904,"template":"","meta":{"_acf_changed":false,"_et_pb_use_builder":"","_et_pb_old_content":"","_et_gb_content_width":""},"product_brand":[],"product_cat":[594,675],"product_tag":[710,677,713,660,655],"class_list":{"0":"post-12540","1":"product","2":"type-product","3":"status-publish","4":"has-post-thumbnail","6":"product_cat-pe","7":"product_cat-professional-knives","8":"product_tag-pe","9":"product_tag-professional-knives","10":"product_tag-round","11":"product_tag-sharpening-steel","12":"product_tag-white","13":"pa_available-options-white","15":"first","16":"instock","17":"shipping-taxable","18":"purchasable","19":"product-type-variable","20":"has-default-attributes"},"acf":[],"_links":{"self":[{"href":"https:\/\/www.jeroportugal.pt\/pt\/wp-json\/wp\/v2\/product\/12540","targetHints":{"allow":["GET"]}}],"collection":[{"href":"https:\/\/www.jeroportugal.pt\/pt\/wp-json\/wp\/v2\/product"}],"about":[{"href":"https:\/\/www.jeroportugal.pt\/pt\/wp-json\/wp\/v2\/types\/product"}],"wp:featuredmedia":[{"embeddable":true,"href":"https:\/\/www.jeroportugal.pt\/pt\/wp-json\/wp\/v2\/media\/15904"}],"wp:attachment":[{"href":"https:\/\/www.jeroportugal.pt\/pt\/wp-json\/wp\/v2\/media?parent=12540"}],"wp:term":[{"taxonomy":"product_brand","embeddable":true,"href":"https:\/\/www.jeroportugal.pt\/pt\/wp-json\/wp\/v2\/product_brand?post=12540"},{"taxonomy":"product_cat","embeddable":true,"href":"https:\/\/www.jeroportugal.pt\/pt\/wp-json\/wp\/v2\/product_cat?post=12540"},{"taxonomy":"product_tag","embeddable":true,"href":"https:\/\/www.jeroportugal.pt\/pt\/wp-json\/wp\/v2\/product_tag?post=12540"}],"curies":[{"name":"wp","href":"https:\/\/api.w.org\/{rel}","templated":true}]}}