{"id":12515,"date":"2021-01-06T16:18:20","date_gmt":"2021-01-06T16:18:20","guid":{"rendered":"http:\/\/www.jeroportugal.pt.meulink.net\/product\/import-placeholder-for-8618-pl\/"},"modified":"2024-10-14T13:03:16","modified_gmt":"2024-10-14T12:03:16","slug":"pe-butcher-cleaver-18cm-2","status":"publish","type":"product","link":"https:\/\/www.jeroportugal.pt\/pt\/product\/pe-butcher-cleaver-18cm-2\/","title":{"rendered":"Cutelo de Talho 18cm"},"content":{"rendered":"","protected":false},"excerpt":{"rendered":"<p>O Cutelo de Talhante foi desenvolvido para facilitar o trabalho de verdadeiros talhantes.<\/p>\n<p>A l\u00e2mina grossa d\u00e1 peso e efic\u00e1cia, assim como absorve os choques.<\/p>\n<p>Handle is manufactured from high-impact polymer that is easy to clean an maintain.<\/p>\n<p>Os rebites em a\u00e7o inoxid\u00e1vel garantem a boa e duradora fixa\u00e7\u00e3o do cabo \u00e0 l\u00e2mina.<\/p>","protected":false},"featured_media":9408,"template":"","meta":{"_acf_changed":false,"_et_pb_use_builder":"","_et_pb_old_content":"","_et_gb_content_width":""},"product_brand":[],"product_cat":[594,675],"product_tag":[654,680,711,682,677,681,679],"class_list":{"0":"post-12515","1":"product","2":"type-product","3":"status-publish","4":"has-post-thumbnail","6":"product_cat-pe","7":"product_cat-professional-knives","8":"product_tag-black","9":"product_tag-blue","10":"product_tag-butcher-cleaver","11":"product_tag-pp","12":"product_tag-professional-knives","13":"product_tag-red","14":"product_tag-yellow","15":"pa_available-options-black","16":"pa_available-options-blue","17":"pa_available-options-red","18":"pa_available-options-yellow","20":"first","21":"instock","22":"shipping-taxable","23":"purchasable","24":"product-type-variable","25":"has-default-attributes"},"acf":[],"_links":{"self":[{"href":"https:\/\/www.jeroportugal.pt\/pt\/wp-json\/wp\/v2\/product\/12515","targetHints":{"allow":["GET"]}}],"collection":[{"href":"https:\/\/www.jeroportugal.pt\/pt\/wp-json\/wp\/v2\/product"}],"about":[{"href":"https:\/\/www.jeroportugal.pt\/pt\/wp-json\/wp\/v2\/types\/product"}],"wp:featuredmedia":[{"embeddable":true,"href":"https:\/\/www.jeroportugal.pt\/pt\/wp-json\/wp\/v2\/media\/9408"}],"wp:attachment":[{"href":"https:\/\/www.jeroportugal.pt\/pt\/wp-json\/wp\/v2\/media?parent=12515"}],"wp:term":[{"taxonomy":"product_brand","embeddable":true,"href":"https:\/\/www.jeroportugal.pt\/pt\/wp-json\/wp\/v2\/product_brand?post=12515"},{"taxonomy":"product_cat","embeddable":true,"href":"https:\/\/www.jeroportugal.pt\/pt\/wp-json\/wp\/v2\/product_cat?post=12515"},{"taxonomy":"product_tag","embeddable":true,"href":"https:\/\/www.jeroportugal.pt\/pt\/wp-json\/wp\/v2\/product_tag?post=12515"}],"curies":[{"name":"wp","href":"https:\/\/api.w.org\/{rel}","templated":true}]}}