{"id":12513,"date":"2021-01-06T16:18:20","date_gmt":"2021-01-06T16:18:20","guid":{"rendered":"http:\/\/www.jeroportugal.pt.meulink.net\/product\/import-placeholder-for-8720-pe\/"},"modified":"2021-01-06T16:18:24","modified_gmt":"2021-01-06T16:18:24","slug":"pe-cleaver-monobloc-20cm","status":"publish","type":"product","link":"https:\/\/www.jeroportugal.pt\/pt\/product\/pe-cleaver-monobloc-20cm\/","title":{"rendered":"Cutelo 20cm"},"content":{"rendered":"","protected":false},"excerpt":{"rendered":"<p>The Jero&#8217;s Cleaver Monobloc is a true butcher&#8217;s cleaver designed and constructed to perform the tough jobs.<\/p>\n<p>A l\u00e2mina grossa d\u00e1 peso e efic\u00e1cia, assim como absorve os choques.<\/p>\n<p> A forma do cutelo em <i>full tang<\/i> confere for\u00e7a, balan\u00e7o e prote\u00e7\u00e3o ao talhante.<\/p>\n<p> Handle is manufactured from high-impact polymer that is easy to clean an maintain.<\/p>\n<p> Os rebites em a\u00e7o inoxid\u00e1vel garantem a boa e duradora fixa\u00e7\u00e3o do cabo \u00e0 l\u00e2mina. <\/p>","protected":false},"featured_media":9388,"template":"","meta":{"_acf_changed":false,"_et_pb_use_builder":"","_et_pb_old_content":"","_et_gb_content_width":""},"product_brand":[],"product_cat":[594,675],"product_tag":[680,711,690,709,710,677,681,679],"class_list":{"0":"post-12513","1":"product","2":"type-product","3":"status-publish","4":"has-post-thumbnail","6":"product_cat-pe","7":"product_cat-professional-knives","8":"product_tag-blue","9":"product_tag-butcher-cleaver","10":"product_tag-green","11":"product_tag-monoblock","12":"product_tag-pe","13":"product_tag-professional-knives","14":"product_tag-red","15":"product_tag-yellow","16":"pa_available-options-blue","17":"pa_available-options-green","18":"pa_available-options-red","19":"pa_available-options-yellow","21":"first","22":"instock","23":"shipping-taxable","24":"purchasable","25":"product-type-variable","26":"has-default-attributes"},"acf":[],"_links":{"self":[{"href":"https:\/\/www.jeroportugal.pt\/pt\/wp-json\/wp\/v2\/product\/12513","targetHints":{"allow":["GET"]}}],"collection":[{"href":"https:\/\/www.jeroportugal.pt\/pt\/wp-json\/wp\/v2\/product"}],"about":[{"href":"https:\/\/www.jeroportugal.pt\/pt\/wp-json\/wp\/v2\/types\/product"}],"wp:featuredmedia":[{"embeddable":true,"href":"https:\/\/www.jeroportugal.pt\/pt\/wp-json\/wp\/v2\/media\/9388"}],"wp:attachment":[{"href":"https:\/\/www.jeroportugal.pt\/pt\/wp-json\/wp\/v2\/media?parent=12513"}],"wp:term":[{"taxonomy":"product_brand","embeddable":true,"href":"https:\/\/www.jeroportugal.pt\/pt\/wp-json\/wp\/v2\/product_brand?post=12513"},{"taxonomy":"product_cat","embeddable":true,"href":"https:\/\/www.jeroportugal.pt\/pt\/wp-json\/wp\/v2\/product_cat?post=12513"},{"taxonomy":"product_tag","embeddable":true,"href":"https:\/\/www.jeroportugal.pt\/pt\/wp-json\/wp\/v2\/product_tag?post=12513"}],"curies":[{"name":"wp","href":"https:\/\/api.w.org\/{rel}","templated":true}]}}