{"id":12512,"date":"2021-01-06T16:18:20","date_gmt":"2021-01-06T16:18:20","guid":{"rendered":"http:\/\/www.jeroportugal.pt.meulink.net\/product\/import-placeholder-for-8616-pe\/"},"modified":"2024-10-14T13:03:16","modified_gmt":"2024-10-14T12:03:16","slug":"pe-butcher-cleaver-16cm","status":"publish","type":"product","link":"https:\/\/www.jeroportugal.pt\/pt\/product\/pe-butcher-cleaver-16cm\/","title":{"rendered":"Cutelo de Talho 16cm"},"content":{"rendered":"","protected":false},"excerpt":{"rendered":"<p>O Cutelo de Talhante foi desenvolvido para facilitar o trabalho de verdadeiros talhantes.<\/p>\n<p>A l\u00e2mina grossa d\u00e1 peso e efic\u00e1cia, assim como absorve os choques.<\/p>\n<p>O cabo \u00e9 feito em pol\u00edmero de alta resist\u00eancia ao impacto, f\u00e1cil de limpar e manter.<\/p>\n<p>Os rebites em a\u00e7o inoxid\u00e1vel garantem a boa e duradora fixa\u00e7\u00e3o do cabo \u00e0 l\u00e2mina.<\/p>","protected":false},"featured_media":9407,"template":"","meta":{"_acf_changed":false,"_et_pb_use_builder":"","_et_pb_old_content":"","_et_gb_content_width":""},"product_brand":[],"product_cat":[594,675],"product_tag":[689,710,677,655],"class_list":{"0":"post-12512","1":"product","2":"type-product","3":"status-publish","4":"has-post-thumbnail","6":"product_cat-pe","7":"product_cat-professional-knives","8":"product_tag-cleaver","9":"product_tag-pe","10":"product_tag-professional-knives","11":"product_tag-white","12":"pa_available-options-white","14":"first","15":"instock","16":"shipping-taxable","17":"purchasable","18":"product-type-variable","19":"has-default-attributes"},"acf":[],"_links":{"self":[{"href":"https:\/\/www.jeroportugal.pt\/pt\/wp-json\/wp\/v2\/product\/12512","targetHints":{"allow":["GET"]}}],"collection":[{"href":"https:\/\/www.jeroportugal.pt\/pt\/wp-json\/wp\/v2\/product"}],"about":[{"href":"https:\/\/www.jeroportugal.pt\/pt\/wp-json\/wp\/v2\/types\/product"}],"wp:featuredmedia":[{"embeddable":true,"href":"https:\/\/www.jeroportugal.pt\/pt\/wp-json\/wp\/v2\/media\/9407"}],"wp:attachment":[{"href":"https:\/\/www.jeroportugal.pt\/pt\/wp-json\/wp\/v2\/media?parent=12512"}],"wp:term":[{"taxonomy":"product_brand","embeddable":true,"href":"https:\/\/www.jeroportugal.pt\/pt\/wp-json\/wp\/v2\/product_brand?post=12512"},{"taxonomy":"product_cat","embeddable":true,"href":"https:\/\/www.jeroportugal.pt\/pt\/wp-json\/wp\/v2\/product_cat?post=12512"},{"taxonomy":"product_tag","embeddable":true,"href":"https:\/\/www.jeroportugal.pt\/pt\/wp-json\/wp\/v2\/product_tag?post=12512"}],"curies":[{"name":"wp","href":"https:\/\/api.w.org\/{rel}","templated":true}]}}