{"id":12507,"date":"2021-01-06T16:18:20","date_gmt":"2021-01-06T16:18:20","guid":{"rendered":"http:\/\/www.jeroportugal.pt.meulink.net\/product\/import-placeholder-for-8009-pe\/"},"modified":"2021-01-06T16:18:23","modified_gmt":"2021-01-06T16:18:23","slug":"pe-butcher-cleaver-22cm","status":"publish","type":"product","link":"https:\/\/www.jeroportugal.pt\/pt\/product\/pe-butcher-cleaver-22cm\/","title":{"rendered":"Cutelo de Talho 22cm"},"content":{"rendered":"","protected":false},"excerpt":{"rendered":"<p>O Cutelo de Talhante foi desenvolvido para facilitar o trabalho de verdadeiros talhantes.<\/p>\n<p>A l\u00e2mina grossa d\u00e1 peso e efic\u00e1cia, assim como absorve os choques.<\/p>\n<p> A forma do cutelo em <i>full tang<\/i> confere for\u00e7a, balan\u00e7o e prote\u00e7\u00e3o ao talhante.<\/p>\n<p> O cabo \u00e9 feito em pol\u00edmero de alta resist\u00eancia ao impacto, f\u00e1cil de limpar e manter.<\/p>\n<p> Os rebites em a\u00e7o inoxid\u00e1vel garantem a boa e duradora fixa\u00e7\u00e3o do cabo \u00e0 l\u00e2mina. <\/p>","protected":false},"featured_media":9402,"template":"","meta":{"_acf_changed":false,"_et_pb_use_builder":"","_et_pb_old_content":"","_et_gb_content_width":""},"product_brand":[],"product_cat":[594,675],"product_tag":[711,709,710,677,655,688],"class_list":{"0":"post-12507","1":"product","2":"type-product","3":"status-publish","4":"has-post-thumbnail","6":"product_cat-pe","7":"product_cat-professional-knives","8":"product_tag-butcher-cleaver","9":"product_tag-monoblock","10":"product_tag-pe","11":"product_tag-professional-knives","12":"product_tag-white","13":"product_tag-wide-blade","14":"pa_available-options-white","16":"first","17":"instock","18":"shipping-taxable","19":"purchasable","20":"product-type-variable","21":"has-default-attributes"},"acf":[],"_links":{"self":[{"href":"https:\/\/www.jeroportugal.pt\/pt\/wp-json\/wp\/v2\/product\/12507","targetHints":{"allow":["GET"]}}],"collection":[{"href":"https:\/\/www.jeroportugal.pt\/pt\/wp-json\/wp\/v2\/product"}],"about":[{"href":"https:\/\/www.jeroportugal.pt\/pt\/wp-json\/wp\/v2\/types\/product"}],"wp:featuredmedia":[{"embeddable":true,"href":"https:\/\/www.jeroportugal.pt\/pt\/wp-json\/wp\/v2\/media\/9402"}],"wp:attachment":[{"href":"https:\/\/www.jeroportugal.pt\/pt\/wp-json\/wp\/v2\/media?parent=12507"}],"wp:term":[{"taxonomy":"product_brand","embeddable":true,"href":"https:\/\/www.jeroportugal.pt\/pt\/wp-json\/wp\/v2\/product_brand?post=12507"},{"taxonomy":"product_cat","embeddable":true,"href":"https:\/\/www.jeroportugal.pt\/pt\/wp-json\/wp\/v2\/product_cat?post=12507"},{"taxonomy":"product_tag","embeddable":true,"href":"https:\/\/www.jeroportugal.pt\/pt\/wp-json\/wp\/v2\/product_tag?post=12507"}],"curies":[{"name":"wp","href":"https:\/\/api.w.org\/{rel}","templated":true}]}}