{"id":12488,"date":"2021-01-06T16:18:14","date_gmt":"2021-01-06T16:18:14","guid":{"rendered":"http:\/\/www.jeroportugal.pt.meulink.net\/product\/import-placeholder-for-5012-pe\/"},"modified":"2024-10-14T13:03:17","modified_gmt":"2024-10-14T12:03:17","slug":"pe-butcher-chef-knife-30cm","status":"publish","type":"product","link":"https:\/\/www.jeroportugal.pt\/pt\/product\/pe-butcher-chef-knife-30cm\/","title":{"rendered":"Faca de Talho\/Chefe 30cm"},"content":{"rendered":"","protected":false},"excerpt":{"rendered":"<p>The Jero&#8217;s Meat Chopper was designed to be a versatile knife that worked well as both a cleaver and a larger butcher knife.<\/p>\n<p>Produce departments will find it useful for splitting melons.<\/p>\n<p>A popular style with European butchers, the Meat Chopper works well on red meat, poultry and fish.<\/p>\n<p>A espiga grossa acompanha todo o formato do cabo e confere mais peso, permitindo poder de corte com menos esfor\u00e7o para o utilizador.<\/p>\n<p>Os rebites em a\u00e7o inoxid\u00e1vel garantem a boa e duradora fixa\u00e7\u00e3o do cabo \u00e0 l\u00e2mina.<\/p>\n<p>Large rivets are used for added strength and durability.<\/p>","protected":false},"featured_media":9399,"template":"","meta":{"_acf_changed":false,"_et_pb_use_builder":"","_et_pb_old_content":"","_et_gb_content_width":""},"product_brand":[],"product_cat":[594,675],"product_tag":[676,686,709,710,677,655,688],"class_list":{"0":"post-12488","1":"product","2":"type-product","3":"status-publish","4":"has-post-thumbnail","6":"product_cat-pe","7":"product_cat-professional-knives","8":"product_tag-butcher","9":"product_tag-chef","10":"product_tag-monoblock","11":"product_tag-pe","12":"product_tag-professional-knives","13":"product_tag-white","14":"product_tag-wide-blade","15":"pa_available-options-white","17":"first","18":"instock","19":"shipping-taxable","20":"purchasable","21":"product-type-variable","22":"has-default-attributes"},"acf":[],"_links":{"self":[{"href":"https:\/\/www.jeroportugal.pt\/pt\/wp-json\/wp\/v2\/product\/12488","targetHints":{"allow":["GET"]}}],"collection":[{"href":"https:\/\/www.jeroportugal.pt\/pt\/wp-json\/wp\/v2\/product"}],"about":[{"href":"https:\/\/www.jeroportugal.pt\/pt\/wp-json\/wp\/v2\/types\/product"}],"wp:featuredmedia":[{"embeddable":true,"href":"https:\/\/www.jeroportugal.pt\/pt\/wp-json\/wp\/v2\/media\/9399"}],"wp:attachment":[{"href":"https:\/\/www.jeroportugal.pt\/pt\/wp-json\/wp\/v2\/media?parent=12488"}],"wp:term":[{"taxonomy":"product_brand","embeddable":true,"href":"https:\/\/www.jeroportugal.pt\/pt\/wp-json\/wp\/v2\/product_brand?post=12488"},{"taxonomy":"product_cat","embeddable":true,"href":"https:\/\/www.jeroportugal.pt\/pt\/wp-json\/wp\/v2\/product_cat?post=12488"},{"taxonomy":"product_tag","embeddable":true,"href":"https:\/\/www.jeroportugal.pt\/pt\/wp-json\/wp\/v2\/product_tag?post=12488"}],"curies":[{"name":"wp","href":"https:\/\/api.w.org\/{rel}","templated":true}]}}