{"id":12476,"date":"2021-01-06T16:18:13","date_gmt":"2021-01-06T16:18:13","guid":{"rendered":"http:\/\/www.jeroportugal.pt.meulink.net\/product\/import-placeholder-for-3006-pe\/"},"modified":"2024-10-14T13:03:17","modified_gmt":"2024-10-14T12:03:17","slug":"pe-butcher-knife-15cm","status":"publish","type":"product","link":"https:\/\/www.jeroportugal.pt\/pt\/product\/pe-butcher-knife-15cm\/","title":{"rendered":"Faca de Talho 15cm"},"content":{"rendered":"","protected":false},"excerpt":{"rendered":"<p>A linha PE cont\u00e9m v\u00e1rias pe\u00e7as para talhantes como: facas grandes; facas para picar carne; cutelos e fuzis.<\/p>\n<p>As l\u00e2minas s\u00e3o fabricadas com a\u00e7o inoxid\u00e1vel de alto teor de carbono e submetidas ao tratamento t\u00e9rmico indicado para lhe conferir a dureza de 56-57 HRC (Rockwell C).<\/p>\n<p>Cabos dispon\u00edveis em polietileno (PE), higi\u00e9nicos e recomendados para a ind\u00fastria alimentar.<\/p>\n<p>A espiga grossa acompanha todo o formato do cabo e confere mais peso, permitindo poder de corte com menos esfor\u00e7o para o utilizador.<\/p>\n<p>Os rebites em a\u00e7o inoxid\u00e1vel garantem a boa e duradora fixa\u00e7\u00e3o do cabo \u00e0 l\u00e2mina.<\/p>","protected":false},"featured_media":9387,"template":"","meta":{"_acf_changed":false,"_et_pb_use_builder":"","_et_pb_old_content":"","_et_gb_content_width":""},"product_brand":[],"product_cat":[594,675],"product_tag":[676,709,710,677,655,688],"class_list":{"0":"post-12476","1":"product","2":"type-product","3":"status-publish","4":"has-post-thumbnail","6":"product_cat-pe","7":"product_cat-professional-knives","8":"product_tag-butcher","9":"product_tag-monoblock","10":"product_tag-pe","11":"product_tag-professional-knives","12":"product_tag-white","13":"product_tag-wide-blade","14":"pa_available-options-white","16":"first","17":"instock","18":"shipping-taxable","19":"purchasable","20":"product-type-variable","21":"has-default-attributes"},"acf":[],"_links":{"self":[{"href":"https:\/\/www.jeroportugal.pt\/pt\/wp-json\/wp\/v2\/product\/12476","targetHints":{"allow":["GET"]}}],"collection":[{"href":"https:\/\/www.jeroportugal.pt\/pt\/wp-json\/wp\/v2\/product"}],"about":[{"href":"https:\/\/www.jeroportugal.pt\/pt\/wp-json\/wp\/v2\/types\/product"}],"wp:featuredmedia":[{"embeddable":true,"href":"https:\/\/www.jeroportugal.pt\/pt\/wp-json\/wp\/v2\/media\/9387"}],"wp:attachment":[{"href":"https:\/\/www.jeroportugal.pt\/pt\/wp-json\/wp\/v2\/media?parent=12476"}],"wp:term":[{"taxonomy":"product_brand","embeddable":true,"href":"https:\/\/www.jeroportugal.pt\/pt\/wp-json\/wp\/v2\/product_brand?post=12476"},{"taxonomy":"product_cat","embeddable":true,"href":"https:\/\/www.jeroportugal.pt\/pt\/wp-json\/wp\/v2\/product_cat?post=12476"},{"taxonomy":"product_tag","embeddable":true,"href":"https:\/\/www.jeroportugal.pt\/pt\/wp-json\/wp\/v2\/product_tag?post=12476"}],"curies":[{"name":"wp","href":"https:\/\/api.w.org\/{rel}","templated":true}]}}