{"id":12451,"date":"2021-01-06T16:14:26","date_gmt":"2021-01-06T16:14:26","guid":{"rendered":"http:\/\/www.jeroportugal.pt.meulink.net\/product\/import-placeholder-for-1206-p4\/"},"modified":"2024-10-14T13:03:25","modified_gmt":"2024-10-14T12:03:25","slug":"p4-boning-knife-15cm-straight","status":"publish","type":"product","link":"https:\/\/www.jeroportugal.pt\/pt\/product\/p4-boning-knife-15cm-straight\/","title":{"rendered":"Faca para Desossar 15cm (Reta)"},"content":{"rendered":"","protected":false},"excerpt":{"rendered":"<p>1. Super Poder de Corte<\/p>\n<p>As l\u00e2minas s\u00e3o feitas em a\u00e7o SANDVIK 12C27. Este a\u00e7o especial garante um excelente poder de corte e preserva por mais tempo o fio da l\u00e2mina.<\/p>\n<p>2. Design Ergon\u00f3mico<\/p>\n<p>Os cabos foram cuidadosamente desenhados de forma a garantirem um alto controlo no manuseamento e ao mesmo tempo serem confort\u00e1veis, ideais para quem trabalhar por longos per\u00edodos de tempo.<\/p>\n<p>3. Alta Ader\u00eancia<\/p>\n<p>O material \u201caborrachado\u201d de que s\u00e3o feitos os cabos, confere alta ader\u00eancia mesmo nos ambientes mais h\u00famidos e escorregadios.<\/p>\n<p>4. Antiss\u00e9ptico<\/p>\n<p>As propriedades do termopl\u00e1stico destes cabos impedem o crescimento e a prolifera\u00e7\u00e3o de bact\u00e9rias e microrganismo no cabo.<\/p>","protected":false},"featured_media":16452,"template":"","meta":{"_acf_changed":false,"_et_pb_use_builder":"","_et_pb_old_content":"","_et_gb_content_width":""},"product_brand":[],"product_cat":[454,675],"product_tag":[707,654,680,667,695,690,706,677,681,705,696,708,679],"class_list":{"0":"post-12451","1":"product","2":"type-product","3":"status-publish","4":"has-post-thumbnail","6":"product_cat-p4","7":"product_cat-professional-knives","8":"product_tag-antiseptic","9":"product_tag-black","10":"product_tag-blue","11":"product_tag-boning","12":"product_tag-ergonomic","13":"product_tag-green","14":"product_tag-non-slip","15":"product_tag-professional-knives","16":"product_tag-red","17":"product_tag-sandvik","18":"product_tag-straight","19":"product_tag-tpu","20":"product_tag-yellow","21":"pa_available-options-black","22":"pa_available-options-blue","23":"pa_available-options-green","24":"pa_available-options-red","25":"pa_available-options-yellow","27":"first","28":"instock","29":"shipping-taxable","30":"purchasable","31":"product-type-variable","32":"has-default-attributes"},"acf":[],"_links":{"self":[{"href":"https:\/\/www.jeroportugal.pt\/pt\/wp-json\/wp\/v2\/product\/12451","targetHints":{"allow":["GET"]}}],"collection":[{"href":"https:\/\/www.jeroportugal.pt\/pt\/wp-json\/wp\/v2\/product"}],"about":[{"href":"https:\/\/www.jeroportugal.pt\/pt\/wp-json\/wp\/v2\/types\/product"}],"wp:featuredmedia":[{"embeddable":true,"href":"https:\/\/www.jeroportugal.pt\/pt\/wp-json\/wp\/v2\/media\/16452"}],"wp:attachment":[{"href":"https:\/\/www.jeroportugal.pt\/pt\/wp-json\/wp\/v2\/media?parent=12451"}],"wp:term":[{"taxonomy":"product_brand","embeddable":true,"href":"https:\/\/www.jeroportugal.pt\/pt\/wp-json\/wp\/v2\/product_brand?post=12451"},{"taxonomy":"product_cat","embeddable":true,"href":"https:\/\/www.jeroportugal.pt\/pt\/wp-json\/wp\/v2\/product_cat?post=12451"},{"taxonomy":"product_tag","embeddable":true,"href":"https:\/\/www.jeroportugal.pt\/pt\/wp-json\/wp\/v2\/product_tag?post=12451"}],"curies":[{"name":"wp","href":"https:\/\/api.w.org\/{rel}","templated":true}]}}