{"id":12293,"date":"2021-01-06T16:08:49","date_gmt":"2021-01-06T16:08:49","guid":{"rendered":"http:\/\/www.jeroportugal.pt.meulink.net\/product\/import-placeholder-for-1510-p3\/"},"modified":"2024-10-14T13:03:18","modified_gmt":"2024-10-14T12:03:18","slug":"p3-cimeter-knife-26cm","status":"publish","type":"product","link":"https:\/\/www.jeroportugal.pt\/pt\/product\/p3-cimeter-knife-26cm\/","title":{"rendered":"Faca de Talho 26cm"},"content":{"rendered":"","protected":false},"excerpt":{"rendered":"<p>As l\u00e2minas s\u00e3o fabricadas com a\u00e7o inoxid\u00e1vel de alto teor de carbono e submetidas ao tratamento t\u00e9rmico indicado para lhe conferir a dureza de 56-57 HRC (Rockwell C).<\/p>\n<p>Os cabos em Polipropileno (PP) s\u00e3o  altamente higi\u00e9nicos e resistentes \u00e0 lavagem na m\u00e1quina.<\/p>\n<p>Com forma ergon\u00f3mica e textura aderente para proporcionar uma f\u00e1cil utiliza\u00e7\u00e3o.<\/p>","protected":false},"featured_media":5628,"template":"","meta":{"_acf_changed":false,"_et_pb_use_builder":"","_et_pb_old_content":"","_et_gb_content_width":""},"product_brand":[],"product_cat":[502,675],"product_tag":[654,680,701,695,690,682,677,681,679],"class_list":{"0":"post-12293","1":"product","2":"type-product","3":"status-publish","4":"has-post-thumbnail","6":"product_cat-p3","7":"product_cat-professional-knives","8":"product_tag-black","9":"product_tag-blue","10":"product_tag-cimeter","11":"product_tag-ergonomic","12":"product_tag-green","13":"product_tag-pp","14":"product_tag-professional-knives","15":"product_tag-red","16":"product_tag-yellow","17":"pa_available-options-black","18":"pa_available-options-blue","19":"pa_available-options-green","20":"pa_available-options-red","21":"pa_available-options-yellow","23":"first","24":"instock","25":"shipping-taxable","26":"purchasable","27":"product-type-variable","28":"has-default-attributes"},"acf":[],"_links":{"self":[{"href":"https:\/\/www.jeroportugal.pt\/pt\/wp-json\/wp\/v2\/product\/12293","targetHints":{"allow":["GET"]}}],"collection":[{"href":"https:\/\/www.jeroportugal.pt\/pt\/wp-json\/wp\/v2\/product"}],"about":[{"href":"https:\/\/www.jeroportugal.pt\/pt\/wp-json\/wp\/v2\/types\/product"}],"wp:featuredmedia":[{"embeddable":true,"href":"https:\/\/www.jeroportugal.pt\/pt\/wp-json\/wp\/v2\/media\/5628"}],"wp:attachment":[{"href":"https:\/\/www.jeroportugal.pt\/pt\/wp-json\/wp\/v2\/media?parent=12293"}],"wp:term":[{"taxonomy":"product_brand","embeddable":true,"href":"https:\/\/www.jeroportugal.pt\/pt\/wp-json\/wp\/v2\/product_brand?post=12293"},{"taxonomy":"product_cat","embeddable":true,"href":"https:\/\/www.jeroportugal.pt\/pt\/wp-json\/wp\/v2\/product_cat?post=12293"},{"taxonomy":"product_tag","embeddable":true,"href":"https:\/\/www.jeroportugal.pt\/pt\/wp-json\/wp\/v2\/product_tag?post=12293"}],"curies":[{"name":"wp","href":"https:\/\/api.w.org\/{rel}","templated":true}]}}