{"id":12144,"date":"2021-01-06T16:02:49","date_gmt":"2021-01-06T16:02:49","guid":{"rendered":"http:\/\/www.jeroportugal.pt.meulink.net\/product\/import-placeholder-for-8513-p\/"},"modified":"2021-01-06T16:02:52","modified_gmt":"2021-01-06T16:02:52","slug":"p1-spatula-scraper-13-5cm","status":"publish","type":"product","link":"https:\/\/www.jeroportugal.pt\/pt\/product\/p1-spatula-scraper-13-5cm\/","title":{"rendered":"Esp\u00e1tula\/Raspador 13.5cm"},"content":{"rendered":"","protected":false},"excerpt":{"rendered":"<p>Com l\u00e2minas em a\u00e7o inoxid\u00e1vel com alto teor de carbono.<\/p>\n<p> Os cabos em Polipropileno (PP) s\u00e3o at\u00f3xicos, higi\u00e9nicos e resistentes \u00e0 lavagem na m\u00e1quina.<\/p>","protected":false},"featured_media":4966,"template":"","meta":{"_acf_changed":false,"_et_pb_use_builder":"","_et_pb_old_content":"","_et_gb_content_width":""},"product_brand":[],"product_cat":[643,463],"product_tag":[654,645,678,682,694],"class_list":{"0":"post-12144","1":"product","2":"type-product","3":"status-publish","4":"has-post-thumbnail","6":"product_cat-cooks-knives","7":"product_cat-home-p1","8":"product_tag-black","9":"product_tag-cooks-knives","10":"product_tag-economic","11":"product_tag-pp","12":"product_tag-spatula","13":"pa_available-options-black","15":"first","16":"instock","17":"shipping-taxable","18":"purchasable","19":"product-type-variable","20":"has-default-attributes"},"acf":[],"_links":{"self":[{"href":"https:\/\/www.jeroportugal.pt\/pt\/wp-json\/wp\/v2\/product\/12144","targetHints":{"allow":["GET"]}}],"collection":[{"href":"https:\/\/www.jeroportugal.pt\/pt\/wp-json\/wp\/v2\/product"}],"about":[{"href":"https:\/\/www.jeroportugal.pt\/pt\/wp-json\/wp\/v2\/types\/product"}],"wp:featuredmedia":[{"embeddable":true,"href":"https:\/\/www.jeroportugal.pt\/pt\/wp-json\/wp\/v2\/media\/4966"}],"wp:attachment":[{"href":"https:\/\/www.jeroportugal.pt\/pt\/wp-json\/wp\/v2\/media?parent=12144"}],"wp:term":[{"taxonomy":"product_brand","embeddable":true,"href":"https:\/\/www.jeroportugal.pt\/pt\/wp-json\/wp\/v2\/product_brand?post=12144"},{"taxonomy":"product_cat","embeddable":true,"href":"https:\/\/www.jeroportugal.pt\/pt\/wp-json\/wp\/v2\/product_cat?post=12144"},{"taxonomy":"product_tag","embeddable":true,"href":"https:\/\/www.jeroportugal.pt\/pt\/wp-json\/wp\/v2\/product_tag?post=12144"}],"curies":[{"name":"wp","href":"https:\/\/api.w.org\/{rel}","templated":true}]}}