{"id":12140,"date":"2021-01-06T16:02:48","date_gmt":"2021-01-06T16:02:48","guid":{"rendered":"http:\/\/www.jeroportugal.pt.meulink.net\/product\/steak-knife-11cm-2\/"},"modified":"2021-01-06T16:02:52","modified_gmt":"2021-01-06T16:02:52","slug":"p1-steak-knife-11cm-2","status":"publish","type":"product","link":"https:\/\/www.jeroportugal.pt\/pt\/product\/p1-steak-knife-11cm-2\/","title":{"rendered":"Faca para Bife 11cm"},"content":{"rendered":"","protected":false},"excerpt":{"rendered":"<p>Com l\u00e2minas em a\u00e7o inoxid\u00e1vel com alto teor de carbono.<\/p>\n<p> Os cabos em Polipropileno (PP) s\u00e3o at\u00f3xicos, higi\u00e9nicos e resistentes \u00e0 lavagem na m\u00e1quina.<\/p>","protected":false},"featured_media":4901,"template":"","meta":{"_acf_changed":false,"_et_pb_use_builder":"","_et_pb_old_content":"","_et_gb_content_width":""},"product_brand":[],"product_cat":[643,463],"product_tag":[654,680,645,678,690,682,681,663,671,655,679],"class_list":{"0":"post-12140","1":"product","2":"type-product","3":"status-publish","4":"has-post-thumbnail","6":"product_cat-cooks-knives","7":"product_cat-home-p1","8":"product_tag-black","9":"product_tag-blue","10":"product_tag-cooks-knives","11":"product_tag-economic","12":"product_tag-green","13":"product_tag-pp","14":"product_tag-red","15":"product_tag-serrated","16":"product_tag-steak-knife","17":"product_tag-white","18":"product_tag-yellow","19":"pa_available-options-black","20":"pa_available-options-blue","21":"pa_available-options-green","22":"pa_available-options-red","23":"pa_available-options-white","24":"pa_available-options-yellow","26":"first","27":"instock","28":"shipping-taxable","29":"purchasable","30":"product-type-variable","31":"has-default-attributes"},"acf":[],"_links":{"self":[{"href":"https:\/\/www.jeroportugal.pt\/pt\/wp-json\/wp\/v2\/product\/12140","targetHints":{"allow":["GET"]}}],"collection":[{"href":"https:\/\/www.jeroportugal.pt\/pt\/wp-json\/wp\/v2\/product"}],"about":[{"href":"https:\/\/www.jeroportugal.pt\/pt\/wp-json\/wp\/v2\/types\/product"}],"wp:featuredmedia":[{"embeddable":true,"href":"https:\/\/www.jeroportugal.pt\/pt\/wp-json\/wp\/v2\/media\/4901"}],"wp:attachment":[{"href":"https:\/\/www.jeroportugal.pt\/pt\/wp-json\/wp\/v2\/media?parent=12140"}],"wp:term":[{"taxonomy":"product_brand","embeddable":true,"href":"https:\/\/www.jeroportugal.pt\/pt\/wp-json\/wp\/v2\/product_brand?post=12140"},{"taxonomy":"product_cat","embeddable":true,"href":"https:\/\/www.jeroportugal.pt\/pt\/wp-json\/wp\/v2\/product_cat?post=12140"},{"taxonomy":"product_tag","embeddable":true,"href":"https:\/\/www.jeroportugal.pt\/pt\/wp-json\/wp\/v2\/product_tag?post=12140"}],"curies":[{"name":"wp","href":"https:\/\/api.w.org\/{rel}","templated":true}]}}