{"id":11908,"date":"2021-01-06T15:54:13","date_gmt":"2021-01-06T15:54:13","guid":{"rendered":"http:\/\/www.jeroportugal.pt.meulink.net\/product\/import-placeholder-for-3100-p\/"},"modified":"2024-10-14T13:03:21","modified_gmt":"2024-10-14T12:03:21","slug":"p-butcher-knife-26cm","status":"publish","type":"product","link":"https:\/\/www.jeroportugal.pt\/pt\/product\/p-butcher-knife-26cm\/","title":{"rendered":"Faca de Talho 26cm"},"content":{"rendered":"","protected":false},"excerpt":{"rendered":"<p>L\u00e2minas em a\u00e7o inoxid\u00e1vel com alto teor de carbono.<\/p>\n<p>Cabos em Polipropileno (PP) apto para o contacto com os alimentos e resistentes \u00e0 lavagem na m\u00e1quina.<\/p>","protected":false},"featured_media":6655,"template":"","meta":{"_acf_changed":false,"_et_pb_use_builder":"","_et_pb_old_content":"","_et_gb_content_width":""},"product_brand":[],"product_cat":[585,675],"product_tag":[654,680,676,678,682,677,681,679],"class_list":{"0":"post-11908","1":"product","2":"type-product","3":"status-publish","4":"has-post-thumbnail","6":"product_cat-p","7":"product_cat-professional-knives","8":"product_tag-black","9":"product_tag-blue","10":"product_tag-butcher","11":"product_tag-economic","12":"product_tag-pp","13":"product_tag-professional-knives","14":"product_tag-red","15":"product_tag-yellow","16":"pa_available-options-black","17":"pa_available-options-blue","18":"pa_available-options-red","19":"pa_available-options-yellow","21":"first","22":"instock","23":"shipping-taxable","24":"purchasable","25":"product-type-variable","26":"has-default-attributes"},"acf":[],"_links":{"self":[{"href":"https:\/\/www.jeroportugal.pt\/pt\/wp-json\/wp\/v2\/product\/11908","targetHints":{"allow":["GET"]}}],"collection":[{"href":"https:\/\/www.jeroportugal.pt\/pt\/wp-json\/wp\/v2\/product"}],"about":[{"href":"https:\/\/www.jeroportugal.pt\/pt\/wp-json\/wp\/v2\/types\/product"}],"wp:featuredmedia":[{"embeddable":true,"href":"https:\/\/www.jeroportugal.pt\/pt\/wp-json\/wp\/v2\/media\/6655"}],"wp:attachment":[{"href":"https:\/\/www.jeroportugal.pt\/pt\/wp-json\/wp\/v2\/media?parent=11908"}],"wp:term":[{"taxonomy":"product_brand","embeddable":true,"href":"https:\/\/www.jeroportugal.pt\/pt\/wp-json\/wp\/v2\/product_brand?post=11908"},{"taxonomy":"product_cat","embeddable":true,"href":"https:\/\/www.jeroportugal.pt\/pt\/wp-json\/wp\/v2\/product_cat?post=11908"},{"taxonomy":"product_tag","embeddable":true,"href":"https:\/\/www.jeroportugal.pt\/pt\/wp-json\/wp\/v2\/product_tag?post=11908"}],"curies":[{"name":"wp","href":"https:\/\/api.w.org\/{rel}","templated":true}]}}