{"id":873,"date":"2020-06-09T14:11:59","date_gmt":"2020-06-09T14:11:59","guid":{"rendered":"http:\/\/www.jeroportugal.pt.meulink.net\/?page_id=873"},"modified":"2024-10-01T18:09:23","modified_gmt":"2024-10-01T17:09:23","slug":"contactos","status":"publish","type":"page","link":"https:\/\/www.jeroportugal.pt\/pt\/contacts\/","title":{"rendered":"Contactos"},"content":{"rendered":"<p>[et_pb_section fb_built=&#8221;1&#8243; admin_label=&#8221;Hero Section&#8221; _builder_version=&#8221;4.16&#8243; background_color=&#8221;#ffffff&#8221; background_enable_image=&#8221;off&#8221; custom_padding=&#8221;0px||0px||true|&#8221; global_colors_info=&#8221;{}&#8221; custom_css_main_element_last_edited=&#8221;on|desktop&#8221;][et_pb_row _builder_version=&#8221;4.16&#8243; width=&#8221;100%&#8221; max_width=&#8221;100%&#8221; custom_padding=&#8221;0px||0px||true|&#8221; custom_css_main_element=&#8221;max-width:100% !important;&#8221; global_colors_info=&#8221;{}&#8221;][et_pb_column type=&#8221;4_4&#8243; _builder_version=&#8221;4.16&#8243; global_colors_info=&#8221;{}&#8221;][et_pb_code _builder_version=&#8221;4.16&#8243; global_colors_info=&#8221;{}&#8221;]<iframe src=\"https:\/\/www.google.com\/maps\/embed?pb=!1m18!1m12!1m3!1d3081.9582815858853!2d-8.972589983847199!3d39.425067823271064!2m3!1f0!2f0!3f0!3m2!1i1024!2i768!4f13.1!3m3!1m2!1s0xd18ba54b1f8c8cf%3A0xc53c1047d13774b7!2sJorge%20%26%20Ramalho%20Lda!5e0!3m2!1spt-PT!2spt!4v1591712148783!5m2!1spt-PT!2spt\" width=\"100%\" height=\"600\" frameborder=\"0\" style=\"border:0;\" allowfullscreen=\"\" aria-hidden=\"false\" tabindex=\"0\"><\/iframe>[\/et_pb_code][\/et_pb_column][\/et_pb_row][\/et_pb_section][et_pb_section fb_built=&#8221;1&#8243; _builder_version=&#8221;4.16&#8243; custom_margin=&#8221;||||false|false&#8221; custom_padding=&#8221;70px||70px||true|false&#8221; global_colors_info=&#8221;{}&#8221;][et_pb_row column_structure=&#8221;1_3,2_3&#8243; make_equal=&#8221;on&#8221; _builder_version=&#8221;4.16&#8243; width=&#8221;90%&#8221; max_width=&#8221;1060px&#8221; global_colors_info=&#8221;{}&#8221;][et_pb_column type=&#8221;1_3&#8243; _builder_version=&#8221;4.16&#8243; custom_padding=&#8221;|10%|||false|false&#8221; custom_padding_tablet=&#8221;|0%|||false|false&#8221; custom_padding_phone=&#8221;&#8221; custom_padding_last_edited=&#8221;on|tablet&#8221; global_colors_info=&#8221;{}&#8221;][et_pb_text _builder_version=&#8221;4.16&#8243; text_font=&#8221;|600||on|||||&#8221; text_text_color=&#8221;#000000&#8243; text_font_size=&#8221;24px&#8221; text_line_height=&#8221;1.2em&#8221; custom_margin=&#8221;||30px||false|false&#8221; global_colors_info=&#8221;{}&#8221;]<\/p>\n<p>Talk to us<\/p>\n<p>[\/et_pb_text][et_pb_text _builder_version=&#8221;4.16&#8243; text_font=&#8221;|||on|||||&#8221; text_text_color=&#8221;#000000&#8243; text_font_size=&#8221;16px&#8221; text_line_height=&#8221;1.2em&#8221; locked=&#8221;off&#8221; global_colors_info=&#8221;{}&#8221;]<\/p>\n<p>Address<\/p>\n<p>[\/et_pb_text][et_pb_text _builder_version=&#8221;4.16&#8243; max_width=&#8221;900px&#8221; module_alignment=&#8221;center&#8221; custom_margin=&#8221;0px||0px||true|false&#8221; custom_padding=&#8221;0px||20px||false|false&#8221; border_width_bottom=&#8221;0.5px&#8221; border_color_bottom=&#8221;#4c4c4c&#8221; global_colors_info=&#8221;{}&#8221;]Avenida Pe. In\u00e1cio Antunes, n\u00ba 71<br \/>\n2475-102 Benedita, Portugal[\/et_pb_text][et_pb_text _builder_version=&#8221;4.16&#8243; max_width=&#8221;900px&#8221; module_alignment=&#8221;center&#8221; custom_margin=&#8221;0px||0px||true|false&#8221; custom_padding=&#8221;20px||0px||false|false&#8221; global_colors_info=&#8221;{}&#8221;]P.O. Box 23<br \/>\n2476-901 Benedita, Portugal[\/et_pb_text][et_pb_text _builder_version=&#8221;4.16&#8243; text_font=&#8221;|||on|||||&#8221; text_text_color=&#8221;#000000&#8243; text_font_size=&#8221;16px&#8221; text_line_height=&#8221;1.2em&#8221; custom_margin=&#8221;30px||||false|false&#8221; locked=&#8221;off&#8221; global_colors_info=&#8221;{}&#8221;]<\/p>\n<p>Telephone<\/p>\n<p>[\/et_pb_text][et_pb_text _builder_version=&#8221;4.16&#8243; max_width=&#8221;900px&#8221; module_alignment=&#8221;center&#8221; custom_margin=&#8221;0px||0px||true|false&#8221; custom_padding=&#8221;0px||20px||false|false&#8221; global_colors_info=&#8221;{}&#8221;](+351) 262 925 070[\/et_pb_text][et_pb_text _builder_version=&#8221;4.27.0&#8243; text_font=&#8221;|||on|||||&#8221; text_text_color=&#8221;#000000&#8243; text_font_size=&#8221;16px&#8221; text_line_height=&#8221;1.2em&#8221; custom_margin=&#8221;30px||||false|false&#8221; locked=&#8221;off&#8221; global_colors_info=&#8221;{}&#8221;]<\/p>\n<p>Email<\/p>\n<p>[\/et_pb_text][et_pb_text _builder_version=&#8221;4.16&#8243; max_width=&#8221;900px&#8221; module_alignment=&#8221;center&#8221; custom_margin=&#8221;0px||0px||true|false&#8221; custom_padding=&#8221;0px||20px||false|false&#8221; global_colors_info=&#8221;{}&#8221;]info@jeroportugal.pt[\/et_pb_text][\/et_pb_column][et_pb_column type=&#8221;2_3&#8243; _builder_version=&#8221;4.16&#8243; global_colors_info=&#8221;{}&#8221;][et_pb_text _builder_version=&#8221;4.16&#8243; text_font=&#8221;|600||on|||||&#8221; text_text_color=&#8221;#000000&#8243; text_font_size=&#8221;24px&#8221; text_line_height=&#8221;1.2em&#8221; custom_margin=&#8221;||30px||false|false&#8221; global_colors_info=&#8221;{}&#8221;]<\/p>\n<p>Leave us a message<\/p>\n<p>[\/et_pb_text][et_pb_code _builder_version=&#8221;4.27.0&#8243; hover_enabled=&#8221;0&#8243; global_colors_info=&#8221;{}&#8221; sticky_enabled=&#8221;0&#8243;]<div class=\"forminator-ui forminator-custom-form forminator-custom-form-16867 forminator-design--flat  forminator_ajax\" data-forminator-render=\"0\" data-form=\"forminator-module-16867\" data-uid=\"69e38462230f2\"><br\/><\/div><form\n\t\t\t\tid=\"forminator-module-16867\"\n\t\t\t\tclass=\"forminator-ui forminator-custom-form forminator-custom-form-16867 forminator-design--flat  forminator_ajax\"\n\t\t\t\tmethod=\"post\"\n\t\t\t\tdata-forminator-render=\"0\"\n\t\t\t\tdata-form-id=\"16867\"\n\t\t\t\t data-color-option=\"default\" data-design=\"flat\" data-grid=\"open\" style=\"display: none;\"\n\t\t\t\tdata-uid=\"69e38462230f2\"\n\t\t\t><div role=\"alert\" aria-live=\"polite\" class=\"forminator-response-message forminator-error\" aria-hidden=\"true\"><\/div><div class=\"forminator-row\"><div id=\"name-1\" class=\"forminator-field-name forminator-col forminator-col-6  hide_label\"><div class=\"forminator-field\"><label for=\"forminator-field-name-1_69e38462230f2\" id=\"forminator-field-name-1_69e38462230f2-label\" class=\"forminator-label\">Name <span class=\"forminator-required\">*<\/span><\/label><input type=\"text\" name=\"name-1\" value=\"\" placeholder=\"Name *\" id=\"forminator-field-name-1_69e38462230f2\" class=\"forminator-input forminator-name--field\" aria-required=\"true\" autocomplete=\"name\" \/><\/div><\/div><div id=\"text-1\" class=\"forminator-field-text forminator-col forminator-col-6  hide_label\"><div class=\"forminator-field\"><label for=\"forminator-field-text-1_69e38462230f2\" id=\"forminator-field-text-1_69e38462230f2-label\" class=\"forminator-label\">Company<\/label><input type=\"text\" name=\"text-1\" value=\"\" placeholder=\"Company\" id=\"forminator-field-text-1_69e38462230f2\" class=\"forminator-input forminator-name--field\" data-required=\"\" \/><\/div><\/div><\/div><div class=\"forminator-row\"><div id=\"email-1\" class=\"forminator-field-email forminator-col forminator-col-6  hide_label\"><div class=\"forminator-field\"><label for=\"forminator-field-email-1_69e38462230f2\" id=\"forminator-field-email-1_69e38462230f2-label\" class=\"forminator-label\">Email <span class=\"forminator-required\">*<\/span><\/label><input type=\"email\" name=\"email-1\" value=\"\" placeholder=\"Email *\" id=\"forminator-field-email-1_69e38462230f2\" class=\"forminator-input forminator-email--field\" data-required=\"true\" aria-required=\"true\" autocomplete=\"email\" \/><\/div><\/div><div id=\"phone-1\" class=\"forminator-field-phone forminator-col forminator-col-6  hide_label\"><div class=\"forminator-field\"><label for=\"forminator-field-phone-1_69e38462230f2\" id=\"forminator-field-phone-1_69e38462230f2-label\" class=\"forminator-label\">Telephone<\/label><input type=\"text\" name=\"phone-1\" value=\"\" placeholder=\"Telephone\" id=\"forminator-field-phone-1_69e38462230f2\" class=\"forminator-input forminator-field--phone\" data-required=\"\" aria-required=\"false\" autocomplete=\"off\" \/><\/div><\/div><\/div><div class=\"forminator-row\"><div id=\"textarea-1\" class=\"forminator-field-textarea forminator-col forminator-col-12  hide_label\"><div class=\"forminator-field\"><label for=\"forminator-field-textarea-1_69e38462230f2\" id=\"forminator-field-textarea-1_69e38462230f2-label\" class=\"forminator-label\">Message <span class=\"forminator-required\">*<\/span><\/label><textarea name=\"textarea-1\" placeholder=\"How can we help? *\" id=\"forminator-field-textarea-1_69e38462230f2\" class=\"forminator-textarea\" rows=\"6\" style=\"min-height:200px;\" ><\/textarea><\/div><\/div><\/div><div class=\"forminator-row\"><div id=\"consent-2\" class=\"forminator-field-consent forminator-col forminator-col-12 \"><div class=\"forminator-field\"><label for=\"forminator-field-consent-2_69e38462230f2\" id=\"forminator-field-consent-2_69e38462230f2-label\" class=\"forminator-label\">Newsletter<\/label><div class=\"forminator-checkbox__wrapper\"><label id=\"forminator-field-consent-2_69e38462230f2__label\" class=\"forminator-checkbox forminator-consent\"><input type=\"checkbox\" name=\"consent-2\" id=\"forminator-field-consent-2_69e38462230f2\" value=\"checked\" aria-labelledby=\"forminator-field-consent-2_69e38462230f2-label\" aria-describedby=\"forminator-field-consent-2_69e38462230f2__description\" data-required=\"false\" aria-required=\"false\" \/><span class=\"forminator-checkbox-box\" aria-hidden=\"true\"><\/span><\/label><div id=\"forminator-field-consent-2_69e38462230f2__description\" class=\"forminator-checkbox__label forminator-consent__label\"><p style=\"color: #4c4c4c;font-size: 13px\"><strong>Subscribe our newsletter and receive in your mailbox all our offers and news.<\/strong><\/p><\/div><\/div><\/div><\/div><\/div><div class=\"forminator-row\"><div id=\"consent-1\" class=\"forminator-field-consent forminator-col forminator-col-12  hide_label\"><div class=\"forminator-field\"><label for=\"forminator-field-consent-1_69e38462230f2\" id=\"forminator-field-consent-1_69e38462230f2-label\" class=\"forminator-label\">RGPD <span class=\"forminator-required\">*<\/span><\/label><div class=\"forminator-checkbox__wrapper\"><label id=\"forminator-field-consent-1_69e38462230f2__label\" class=\"forminator-checkbox forminator-consent\"><input type=\"checkbox\" name=\"consent-1\" id=\"forminator-field-consent-1_69e38462230f2\" value=\"checked\" aria-labelledby=\"forminator-field-consent-1_69e38462230f2-label\" aria-describedby=\"forminator-field-consent-1_69e38462230f2__description\" data-required=\"true\" aria-required=\"true\" \/><span class=\"forminator-checkbox-box\" aria-hidden=\"true\"><\/span><\/label><div id=\"forminator-field-consent-1_69e38462230f2__description\" class=\"forminator-checkbox__label forminator-consent__label\"><p style=\"color: #4c4c4c;font-size: 13px\"><strong>* I authorize the collection and processing of my personal data.<\/strong> We collect personal data so that we can respond to your request. Personal data collected on our website is not shared with third parties. Learn more in our <strong><a rel=\"noopener\" target=\"_self\" href=\"\/privacy-policy\/\" style=\"color: #000\">privacy policy<\/a><\/strong>.<\/p><\/div><\/div><\/div><\/div><\/div><div class=\"forminator-row\"><div id=\"captcha-1\" class=\"forminator-field-captcha forminator-col forminator-col-12 \"><div class=\"forminator-captcha-left forminator-hcaptcha\" data-theme=\"light\"  data-sitekey=\"509eff54-f2d2-4934-a5da-440e66d82d72\" data-size=\"normal\"><\/div> <\/div><\/div><input type=\"hidden\" name=\"referer_url\" value=\"\" \/><div class=\"forminator-row forminator-row-last\"><div class=\"forminator-col\"><div class=\"forminator-field\"><button class=\"forminator-button forminator-button-submit\">Send<\/button><\/div><\/div><\/div><input type=\"hidden\" id=\"forminator_nonce\" name=\"forminator_nonce\" value=\"fff058d675\" \/><input type=\"hidden\" name=\"_wp_http_referer\" value=\"\/pt\/wp-json\/wp\/v2\/pages\/873\" \/><input type=\"hidden\" name=\"form_id\" value=\"16867\"><input type=\"hidden\" name=\"page_id\" value=\"873\"><input type=\"hidden\" name=\"form_type\" value=\"default\"><input type=\"hidden\" name=\"current_url\" value=\"https:\/\/www.jeroportugal.pt\/pt\/contacts\/\"><input type=\"hidden\" name=\"render_id\" value=\"0\"><input type=\"hidden\" name=\"action\" value=\"forminator_submit_form_custom-forms\"><label for=\"input_8\" class=\"forminator-hidden\" aria-hidden=\"true\">Please do not fill in this field. <input id=\"input_8\" type=\"text\" name=\"input_8\" value=\"\" autocomplete=\"off\"><\/label><\/form>[\/et_pb_code][et_pb_code disabled_on=&#8221;on|on|on&#8221; _builder_version=&#8221;4.25.1&#8243; _module_preset=&#8221;default&#8221; hover_enabled=&#8221;0&#8243; global_colors_info=&#8221;{}&#8221; sticky_enabled=&#8221;0&#8243; disabled=&#8221;on&#8221;]<script><!-- [et_pb_line_break_holder] -->(function($) {<!-- [et_pb_line_break_holder] -->  $(document).ready(function(){  <!-- [et_pb_line_break_holder] -->\t\t\t$(\"html[lang='pt-PT']\").find(\"input[placeholder='NAME *']\").attr(\"placeholder\", \"NOME *\");<!-- [et_pb_line_break_holder] -->\t\t\t$(\"html[lang='pt-PT']\").find(\"input[placeholder='COMPANY']\").attr(\"placeholder\", \"EMPRESA\");<!-- [et_pb_line_break_holder] -->\t\t\t$(\"html[lang='pt-PT']\").find(\"input[placeholder='TELEPHONE']\").attr(\"placeholder\", \"TELEFONE\");<!-- [et_pb_line_break_holder] -->      $(\"html[lang='pt-PT']\").find(\"textarea[placeholder='HOW CAN WE HELP? *']\").attr(\"placeholder\", \"COMO PODEMOS AJUDAR? *\"); <!-- [et_pb_line_break_holder] -->      <!-- [et_pb_line_break_holder] -->\t\t});\t\t\t <!-- [et_pb_line_break_holder] -->})( jQuery );      <!-- [et_pb_line_break_holder] --><\/script>[\/et_pb_code][\/et_pb_column][\/et_pb_row][\/et_pb_section]<\/p>\n","protected":false},"excerpt":{"rendered":"<p>Talk to usAddressAvenida Pe. In\u00e1cio Antunes, n\u00ba 71 2475-102 Benedita, PortugalP.O. Box 23 2476-901 Benedita, PortugalTelephone(+351) 262 925 070Emailinfo@jeroportugal.ptLeave us a message<div class=\"forminator-ui forminator-custom-form forminator-custom-form-16867 forminator-design--flat  forminator_ajax\" data-forminator-render=\"1\" data-form=\"forminator-module-16867\" data-uid=\"69e38462881fa\"><br\/><\/div><form\n\t\t\t\tid=\"forminator-module-16867\"\n\t\t\t\tclass=\"forminator-ui forminator-custom-form forminator-custom-form-16867 forminator-design--flat  forminator_ajax\"\n\t\t\t\tmethod=\"post\"\n\t\t\t\tdata-forminator-render=\"1\"\n\t\t\t\tdata-form-id=\"16867\"\n\t\t\t\t data-color-option=\"default\" data-design=\"flat\" data-grid=\"open\" style=\"display: none;\"\n\t\t\t\tdata-uid=\"69e38462881fa\" action=\"\"\n\t\t\t><div role=\"alert\" aria-live=\"polite\" class=\"forminator-response-message forminator-error\" aria-hidden=\"true\"><\/div><div class=\"forminator-row\"><div id=\"name-1\" class=\"forminator-field-name forminator-col forminator-col-6  hide_label\"><div class=\"forminator-field\"><label for=\"forminator-field-name-1_69e38462881fa\" id=\"forminator-field-name-1_69e38462881fa-label\" class=\"forminator-label\">Name <span class=\"forminator-required\">*<\/span><\/label><input type=\"text\" name=\"name-1\" value=\"\" placeholder=\"Nome *\" id=\"forminator-field-name-1_69e38462881fa\" class=\"forminator-input forminator-name--field\" aria-required=\"true\" autocomplete=\"name\" \/><\/div><\/div><div id=\"text-1\" class=\"forminator-field-text forminator-col forminator-col-6  hide_label\"><div class=\"forminator-field\"><label for=\"forminator-field-text-1_69e38462881fa\" id=\"forminator-field-text-1_69e38462881fa-label\" class=\"forminator-label\">Empresa<\/label><input type=\"text\" name=\"text-1\" value=\"\" placeholder=\"Empresa\" id=\"forminator-field-text-1_69e38462881fa\" class=\"forminator-input forminator-name--field\" data-required=\"\" \/><\/div><\/div><\/div><div class=\"forminator-row\"><div id=\"email-1\" class=\"forminator-field-email forminator-col forminator-col-6  hide_label\"><div class=\"forminator-field\"><label for=\"forminator-field-email-1_69e38462881fa\" id=\"forminator-field-email-1_69e38462881fa-label\" class=\"forminator-label\">Email <span class=\"forminator-required\">*<\/span><\/label><input type=\"email\" name=\"email-1\" value=\"\" placeholder=\"Email *\" id=\"forminator-field-email-1_69e38462881fa\" class=\"forminator-input forminator-email--field\" data-required=\"true\" aria-required=\"true\" autocomplete=\"email\" \/><\/div><\/div><div id=\"phone-1\" class=\"forminator-field-phone forminator-col forminator-col-6  hide_label\"><div class=\"forminator-field\"><label for=\"forminator-field-phone-1_69e38462881fa\" id=\"forminator-field-phone-1_69e38462881fa-label\" class=\"forminator-label\">Telefone<\/label><input type=\"text\" name=\"phone-1\" value=\"\" placeholder=\"Telefone\" id=\"forminator-field-phone-1_69e38462881fa\" class=\"forminator-input forminator-field--phone\" data-required=\"\" aria-required=\"false\" autocomplete=\"off\" \/><\/div><\/div><\/div><div class=\"forminator-row\"><div id=\"textarea-1\" class=\"forminator-field-textarea forminator-col forminator-col-12  hide_label\"><div class=\"forminator-field\"><label for=\"forminator-field-textarea-1_69e38462881fa\" id=\"forminator-field-textarea-1_69e38462881fa-label\" class=\"forminator-label\">Message <span class=\"forminator-required\">*<\/span><\/label><textarea name=\"textarea-1\" placeholder=\"Como podemos ajudar? *\" id=\"forminator-field-textarea-1_69e38462881fa\" class=\"forminator-textarea\" rows=\"6\" style=\"min-height:200px;\" ><\/textarea><\/div><\/div><\/div><div class=\"forminator-row\"><div id=\"consent-2\" class=\"forminator-field-consent forminator-col forminator-col-12\"><div class=\"forminator-field\"><label for=\"forminator-field-consent-2_69e38462881fa\" id=\"forminator-field-consent-2_69e38462881fa-label\" class=\"forminator-label\">Newsletter<\/label><div class=\"forminator-checkbox__wrapper\"><label id=\"forminator-field-consent-2_69e38462881fa__label\" class=\"forminator-checkbox forminator-consent\"><input type=\"checkbox\" name=\"consent-2\" id=\"forminator-field-consent-2_69e38462881fa\" value=\"checked\" aria-labelledby=\"forminator-field-consent-2_69e38462881fa-label\" aria-describedby=\"forminator-field-consent-2_69e38462881fa__description\" data-required=\"false\" aria-required=\"false\" \/><span class=\"forminator-checkbox-box\" aria-hidden=\"true\"><\/span><\/label><div id=\"forminator-field-consent-2_69e38462881fa__description\" class=\"forminator-checkbox__label forminator-consent__label\"><p style=\"color: #4c4c4c;font-size: 13px\" class=\"translation-block\">Subscreva a nossa newsletter e receba na sua caixa de correio eletr\u00f3nico as nossas not\u00edcias e ofertas.<\/p><\/div><\/div><\/div><\/div><\/div><div class=\"forminator-row\"><div id=\"consent-1\" class=\"forminator-field-consent forminator-col forminator-col-12  hide_label\"><div class=\"forminator-field\"><label for=\"forminator-field-consent-1_69e38462881fa\" id=\"forminator-field-consent-1_69e38462881fa-label\" class=\"forminator-label\">RGPD <span class=\"forminator-required\">*<\/span><\/label><div class=\"forminator-checkbox__wrapper\"><label id=\"forminator-field-consent-1_69e38462881fa__label\" class=\"forminator-checkbox forminator-consent\"><input type=\"checkbox\" name=\"consent-1\" id=\"forminator-field-consent-1_69e38462881fa\" value=\"checked\" aria-labelledby=\"forminator-field-consent-1_69e38462881fa-label\" aria-describedby=\"forminator-field-consent-1_69e38462881fa__description\" data-required=\"true\" aria-required=\"true\" \/><span class=\"forminator-checkbox-box\" aria-hidden=\"true\"><\/span><\/label><div id=\"forminator-field-consent-1_69e38462881fa__description\" class=\"forminator-checkbox__label forminator-consent__label\"><p style=\"color: #4c4c4c;font-size: 13px\"><strong>* Autorizo a recolha e tratamento dos meus dados pessoais.<\/strong> Para melhor responder ao seu pedido, n\u00f3s precisamos de recolher dados pessoais. Os dados recolhidos no nosso website n\u00e3o s\u00e3o partilhados a terceiros. Conhe\u00e7a mais da nossa <strong><a rel=\"noopener\" target=\"_self\" href=\"\/pt\/privacy-policy\/\" style=\"color: #000\">pol\u00edtica de privacidade<\/a><\/strong>.<\/p><\/div><\/div><\/div><\/div><\/div><div class=\"forminator-row\"><div id=\"captcha-1\" class=\"forminator-field-captcha forminator-col forminator-col-12\"><div class=\"forminator-captcha-left forminator-hcaptcha\" data-theme=\"light\"  data-sitekey=\"509eff54-f2d2-4934-a5da-440e66d82d72\" data-size=\"normal\"><\/div> <\/div><\/div><input type=\"hidden\" name=\"referer_url\" value=\"\" \/><div class=\"forminator-row forminator-row-last\"><div class=\"forminator-col\"><div class=\"forminator-field\"><button class=\"forminator-button forminator-button-submit\">Enviar<\/button><\/div><\/div><\/div><input type=\"hidden\" id=\"forminator_nonce\" name=\"forminator_nonce\" value=\"fff058d675\" \/><input type=\"hidden\" name=\"_wp_http_referer\" value=\"\/pt\/wp-json\/wp\/v2\/pages\/873\" \/><input type=\"hidden\" name=\"form_id\" value=\"16867\"><input type=\"hidden\" name=\"page_id\" value=\"873\"><input type=\"hidden\" name=\"form_type\" value=\"default\"><input type=\"hidden\" name=\"current_url\" value=\"https:\/\/www.jeroportugal.pt\/pt\/contacts\/\"><input type=\"hidden\" name=\"render_id\" value=\"1\"><input type=\"hidden\" name=\"action\" value=\"forminator_submit_form_custom-forms\"><label for=\"input_8\" class=\"forminator-hidden\" aria-hidden=\"true\">Please do not fill in this field. <input id=\"input_8\" type=\"text\" name=\"input_8\" value=\"\" autocomplete=\"off\"><\/label><label for=\"input_8\" class=\"forminator-hidden\" aria-hidden=\"true\">Please do not fill in this field. <input id=\"input_8\" type=\"text\" name=\"input_8\" value=\"\" autocomplete=\"off\"><\/label><input type=\"hidden\" name=\"trp-form-language\" value=\"pt\"\/><\/form><\/p>","protected":false},"author":1,"featured_media":0,"parent":0,"menu_order":4,"comment_status":"closed","ping_status":"open","template":"","meta":{"_acf_changed":false,"_et_pb_use_builder":"on","_et_pb_old_content":"","_et_gb_content_width":"","footnotes":""},"class_list":["post-873","page","type-page","status-publish","hentry"],"acf":[],"_links":{"self":[{"href":"https:\/\/www.jeroportugal.pt\/pt\/wp-json\/wp\/v2\/pages\/873","targetHints":{"allow":["GET"]}}],"collection":[{"href":"https:\/\/www.jeroportugal.pt\/pt\/wp-json\/wp\/v2\/pages"}],"about":[{"href":"https:\/\/www.jeroportugal.pt\/pt\/wp-json\/wp\/v2\/types\/page"}],"author":[{"embeddable":true,"href":"https:\/\/www.jeroportugal.pt\/pt\/wp-json\/wp\/v2\/users\/1"}],"replies":[{"embeddable":true,"href":"https:\/\/www.jeroportugal.pt\/pt\/wp-json\/wp\/v2\/comments?post=873"}],"version-history":[{"count":14,"href":"https:\/\/www.jeroportugal.pt\/pt\/wp-json\/wp\/v2\/pages\/873\/revisions"}],"predecessor-version":[{"id":16904,"href":"https:\/\/www.jeroportugal.pt\/pt\/wp-json\/wp\/v2\/pages\/873\/revisions\/16904"}],"wp:attachment":[{"href":"https:\/\/www.jeroportugal.pt\/pt\/wp-json\/wp\/v2\/media?parent=873"}],"curies":[{"name":"wp","href":"https:\/\/api.w.org\/{rel}","templated":true}]}}